{"id":13981,"date":"2025-08-17T09:44:51","date_gmt":"2025-08-17T07:44:51","guid":{"rendered":"https:\/\/fp-brennholz.com\/?post_type=product&#038;p=13981"},"modified":"2025-08-17T09:44:51","modified_gmt":"2025-08-17T07:44:51","slug":"ante-pellets-975kg-65-sack-auf-palette","status":"publish","type":"product","link":"https:\/\/fp-brennholz.com\/index.php\/produit\/ante-pellets-975kg-65-sack-auf-palette\/","title":{"rendered":"Ante-Pellets 975kg &#8211; 65 Sack auf Palette"},"content":{"rendered":"<p>Ante Pellets in HD Qualit\u00e4t. Die Firma Ante ist einer der wenigen Hersteller die Pellets nach dem neuen HD Verfahren herstellt.<\/p>\n<p>Durch dieses spezielle Herstellungsverfahren werden unterschiedlich lange Holzpellets in genau der richtigen Mischung in Ihrer Heizungsanlage verbrannt. Denn oft stellt gerade die Inhomogenit\u00e4t herk\u00f6mmlicher Holzpellets die Regelungssysteme vor eine gro\u00dfe Herausforderung. Durch die unterschiedlichen L\u00e4ngen bei den HD-Presslingen kann die Luft zwischen den einzelnen Pellets optimal zirkulieren und sie werden dadurch effizienter verbrannt. Au\u00dferdem erm\u00f6glicht die ideale L\u00e4ngenverteilung die optimale Bef\u00fcllung des Brennraums. Dadurch sinkt ihr Verbrauch an Brennmaterial und die Heizanlage st\u00f6\u00dft noch weniger Schadstoffe aus (im Vergleichstest bis zu 37% weniger).<\/p>\n<p>&#8211; verpackt zu je 15 kg im Sack<br \/>\n&#8211; 65 Sack auf Palette<br \/>\n&#8211; Palettengewicht 975kg<br \/>\n&#8211; 6 mm Durchmesser<br \/>\n&#8211; frei von Zus\u00e4tzen<br \/>\n&#8211; Asche &lt; 0,5%<br \/>\n&#8211; Restfeuchte &lt; 8%<br \/>\n&#8211; DinPlus und EN-A1 zertifiziert<\/p>\n","protected":false},"excerpt":{"rendered":"<p>Ante Pellets in HD Qualit\u00e4t. Die Firma Ante ist einer der wenigen Hersteller die Pellets nach dem neuen HD Verfahren<\/p>\n","protected":false},"featured_media":13982,"comment_status":"open","ping_status":"closed","template":"","meta":[],"product_brand":[],"product_cat":[516],"product_tag":[],"class_list":{"0":"post-13981","1":"product","2":"type-product","3":"status-publish","4":"has-post-thumbnail","6":"product_cat-holzpellets","8":"first","9":"instock","10":"shipping-taxable","11":"purchasable","12":"product-type-simple"},"_links":{"self":[{"href":"https:\/\/fp-brennholz.com\/index.php\/wp-json\/wp\/v2\/product\/13981","targetHints":{"allow":["GET"]}}],"collection":[{"href":"https:\/\/fp-brennholz.com\/index.php\/wp-json\/wp\/v2\/product"}],"about":[{"href":"https:\/\/fp-brennholz.com\/index.php\/wp-json\/wp\/v2\/types\/product"}],"replies":[{"embeddable":true,"href":"https:\/\/fp-brennholz.com\/index.php\/wp-json\/wp\/v2\/comments?post=13981"}],"version-history":[{"count":0,"href":"https:\/\/fp-brennholz.com\/index.php\/wp-json\/wp\/v2\/product\/13981\/revisions"}],"wp:featuredmedia":[{"embeddable":true,"href":"https:\/\/fp-brennholz.com\/index.php\/wp-json\/wp\/v2\/media\/13982"}],"wp:attachment":[{"href":"https:\/\/fp-brennholz.com\/index.php\/wp-json\/wp\/v2\/media?parent=13981"}],"wp:term":[{"taxonomy":"product_brand","embeddable":true,"href":"https:\/\/fp-brennholz.com\/index.php\/wp-json\/wp\/v2\/product_brand?post=13981"},{"taxonomy":"product_cat","embeddable":true,"href":"https:\/\/fp-brennholz.com\/index.php\/wp-json\/wp\/v2\/product_cat?post=13981"},{"taxonomy":"product_tag","embeddable":true,"href":"https:\/\/fp-brennholz.com\/index.php\/wp-json\/wp\/v2\/product_tag?post=13981"}],"curies":[{"name":"wp","href":"https:\/\/api.w.org\/{rel}","templated":true}]}}