{"id":13952,"date":"2025-08-17T08:52:10","date_gmt":"2025-08-17T06:52:10","guid":{"rendered":"https:\/\/fp-brennholz.com\/?post_type=product&#038;p=13952"},"modified":"2025-08-17T09:01:38","modified_gmt":"2025-08-17T07:01:38","slug":"960kg-holzbriketts-ruf-eiche","status":"publish","type":"product","link":"https:\/\/fp-brennholz.com\/index.php\/produit\/960kg-holzbriketts-ruf-eiche\/","title":{"rendered":"Holzbriketts RUF Eiche 960kg"},"content":{"rendered":"<p>Diese sehr hart gepressten RUF-Briketts werden aus nat\u00fcrlichen Eichensp\u00e4nen mit max. 10% anderen H\u00f6lzern hergestellt. Langsame und gleichm\u00e4ssiger W\u00e4rmeabgabe und sehr lange Gluthaltedauer zeichnen diese Briketts aus.\u00a0Hergestellt in Baden-W\u00fcrttemberg auf der neusten Pressen der Firma RUF. Der Rohstoff f\u00fcr dieses Spitzenprodukt f\u00e4llt in der eigenen holzverarbeitenden Produktion an.<\/p>\n<p>Verpackt im praktischen und plastikfreien Karton.<\/p>\n<p>&#8211; sehr hart verpresst<br \/>\n&#8211; handliche Verpackung im Karton (ca. 10kg)<br \/>\n&#8211; 96 Pack pro Palette<br \/>\n&#8211; frei von Zus\u00e4tzen<br \/>\n&#8211; Heizwert ca. 4,9 kWh\/kg<br \/>\n&#8211; hervorragend stapelbar<br \/>\n&#8211; Ascheanteil ca. 0,5%<br \/>\n&#8211; Hergestellt in Baden-W\u00fcrttemberg<\/p>\n","protected":false},"excerpt":{"rendered":"<p>Diese sehr hart gepressten RUF-Briketts werden aus nat\u00fcrlichen Eichensp\u00e4nen mit max. 10% anderen H\u00f6lzern hergestellt. Langsame und gleichm\u00e4ssiger W\u00e4rmeabgabe und<\/p>\n","protected":false},"featured_media":13954,"comment_status":"open","ping_status":"closed","template":"","meta":[],"product_brand":[],"product_cat":[517],"product_tag":[],"class_list":{"0":"post-13952","1":"product","2":"type-product","3":"status-publish","4":"has-post-thumbnail","6":"product_cat-holzbriketts","8":"first","9":"instock","10":"shipping-taxable","11":"purchasable","12":"product-type-simple"},"_links":{"self":[{"href":"https:\/\/fp-brennholz.com\/index.php\/wp-json\/wp\/v2\/product\/13952","targetHints":{"allow":["GET"]}}],"collection":[{"href":"https:\/\/fp-brennholz.com\/index.php\/wp-json\/wp\/v2\/product"}],"about":[{"href":"https:\/\/fp-brennholz.com\/index.php\/wp-json\/wp\/v2\/types\/product"}],"replies":[{"embeddable":true,"href":"https:\/\/fp-brennholz.com\/index.php\/wp-json\/wp\/v2\/comments?post=13952"}],"version-history":[{"count":0,"href":"https:\/\/fp-brennholz.com\/index.php\/wp-json\/wp\/v2\/product\/13952\/revisions"}],"wp:featuredmedia":[{"embeddable":true,"href":"https:\/\/fp-brennholz.com\/index.php\/wp-json\/wp\/v2\/media\/13954"}],"wp:attachment":[{"href":"https:\/\/fp-brennholz.com\/index.php\/wp-json\/wp\/v2\/media?parent=13952"}],"wp:term":[{"taxonomy":"product_brand","embeddable":true,"href":"https:\/\/fp-brennholz.com\/index.php\/wp-json\/wp\/v2\/product_brand?post=13952"},{"taxonomy":"product_cat","embeddable":true,"href":"https:\/\/fp-brennholz.com\/index.php\/wp-json\/wp\/v2\/product_cat?post=13952"},{"taxonomy":"product_tag","embeddable":true,"href":"https:\/\/fp-brennholz.com\/index.php\/wp-json\/wp\/v2\/product_tag?post=13952"}],"curies":[{"name":"wp","href":"https:\/\/api.w.org\/{rel}","templated":true}]}}