{"id":13949,"date":"2025-08-17T08:48:38","date_gmt":"2025-08-17T06:48:38","guid":{"rendered":"https:\/\/fp-brennholz.com\/?post_type=product&#038;p=13949"},"modified":"2025-08-17T09:01:54","modified_gmt":"2025-08-17T07:01:54","slug":"1040-kg-holzbriketts-energotop","status":"publish","type":"product","link":"https:\/\/fp-brennholz.com\/index.php\/produit\/1040-kg-holzbriketts-energotop\/","title":{"rendered":"Holzbriketts EnergoTOP 1040 kg"},"content":{"rendered":"<p>Wir freuen uns, Ihnen diese absolute Spitzenprodukt anbieten zu k\u00f6nnen. Hergestellt aus reinen Fichtensp\u00e4nen und mit extremem Druck verpresst (mit dem unglaublichen Gewicht von 2,5 kg pro Brikett). Durch die sehr langen Flamm- und Glutzeiten von &#8222;EnergoTOP&#8220; eignen sie sich besonders gut um eine konstante Raumtemperatur \u00fcber einen m\u00f6glichst langen Zeitraum zu gew\u00e4hrleisten. Aufgrund des speziellen Pressverfahrens dehnen sich &#8222;EnergoTOP&#8220; beim Verbrennen nicht aus. Bei Tests konnten wir durch Schlie\u00dfen der Zugluft, nach einer 2-st\u00fcndigen Flammphase, Gluthaltedauern von 8 Stunden erreichen. Mit diesem, am Markt bisher einzigartigen, Holzbrikett werden Rindenbriketts zur Gluthaltung \u00fcberfl\u00fcssig. Jetzt testen &#8211; Sie werden absolut begeistert sein. Gerne erhalten Sie auch einzelne Pakete.<\/p>\n<p>&#8211; verpackt zu je 10kg in Schrumpffolie<br \/>\n&#8211; 4 St\u00fcck zu je 2,5kg<br \/>\n&#8211; 104 Pack auf Palette<br \/>\n&#8211; Palettengewicht 1.040 kg<br \/>\n&#8211; 9,5cm Durchmesser, 29cm lang<br \/>\n&#8211; 100% reines Fichtenholz<br \/>\n&#8211; frei von Zus\u00e4tzen<br \/>\n&#8211; Heizwert ca. 5,3 kWh\/kg<br \/>\n&#8211; gepr\u00fcft nach DIN 51731<br \/>\n&#8211; Ascheanteil ca. 0,28%<\/p>\n","protected":false},"excerpt":{"rendered":"<p>Wir freuen uns, Ihnen diese absolute Spitzenprodukt anbieten zu k\u00f6nnen. Hergestellt aus reinen Fichtensp\u00e4nen und mit extremem Druck verpresst (mit<\/p>\n","protected":false},"featured_media":13950,"comment_status":"open","ping_status":"closed","template":"","meta":[],"product_brand":[],"product_cat":[517],"product_tag":[],"class_list":{"0":"post-13949","1":"product","2":"type-product","3":"status-publish","4":"has-post-thumbnail","6":"product_cat-holzbriketts","8":"first","9":"instock","10":"shipping-taxable","11":"purchasable","12":"product-type-simple"},"_links":{"self":[{"href":"https:\/\/fp-brennholz.com\/index.php\/wp-json\/wp\/v2\/product\/13949","targetHints":{"allow":["GET"]}}],"collection":[{"href":"https:\/\/fp-brennholz.com\/index.php\/wp-json\/wp\/v2\/product"}],"about":[{"href":"https:\/\/fp-brennholz.com\/index.php\/wp-json\/wp\/v2\/types\/product"}],"replies":[{"embeddable":true,"href":"https:\/\/fp-brennholz.com\/index.php\/wp-json\/wp\/v2\/comments?post=13949"}],"version-history":[{"count":0,"href":"https:\/\/fp-brennholz.com\/index.php\/wp-json\/wp\/v2\/product\/13949\/revisions"}],"wp:featuredmedia":[{"embeddable":true,"href":"https:\/\/fp-brennholz.com\/index.php\/wp-json\/wp\/v2\/media\/13950"}],"wp:attachment":[{"href":"https:\/\/fp-brennholz.com\/index.php\/wp-json\/wp\/v2\/media?parent=13949"}],"wp:term":[{"taxonomy":"product_brand","embeddable":true,"href":"https:\/\/fp-brennholz.com\/index.php\/wp-json\/wp\/v2\/product_brand?post=13949"},{"taxonomy":"product_cat","embeddable":true,"href":"https:\/\/fp-brennholz.com\/index.php\/wp-json\/wp\/v2\/product_cat?post=13949"},{"taxonomy":"product_tag","embeddable":true,"href":"https:\/\/fp-brennholz.com\/index.php\/wp-json\/wp\/v2\/product_tag?post=13949"}],"curies":[{"name":"wp","href":"https:\/\/api.w.org\/{rel}","templated":true}]}}