{"id":13940,"date":"2025-08-17T08:39:50","date_gmt":"2025-08-17T06:39:50","guid":{"rendered":"https:\/\/fp-brennholz.com\/?post_type=product&#038;p=13940"},"modified":"2025-08-17T09:02:33","modified_gmt":"2025-08-17T07:02:33","slug":"1000-kg-nadelholzbriketts-turbo-austria","status":"publish","type":"product","link":"https:\/\/fp-brennholz.com\/index.php\/produit\/1000-kg-nadelholzbriketts-turbo-austria\/","title":{"rendered":"Nadelholzbriketts Turbo-Austria 1000 kg"},"content":{"rendered":"<p>Diese hochwertigen Nadelholzbriketts aus \u00f6sterreichischer Fertigung sind f\u00fcr alle Einsatzzwecke bestens geeignet. Hoher Heizwert, sehr hohe Brenntemperatur, wenig Restasche und eine gute Gluthaltedauer zeichnen diese Briketts aus. Durch das Zugloch entsteht im Brennraum ein sch\u00f6nes Flammenspiel, ideal f\u00fcr Kamine mit gro\u00dfen Panoramascheiben.<\/p>\n<p>Abmessungen der Palette LBH 120x100x110cm.<\/p>\n<p>&#8211; 9 cm Durchmesser mit Durchgangsloch<br \/>\n&#8211; reines Nadelholz<br \/>\n&#8211; frei von Zus\u00e4tzen<br \/>\n&#8211; gepr\u00fcft nach DIN 51731<br \/>\n&#8211; Ascheanteil &lt; 1%<\/p>\n","protected":false},"excerpt":{"rendered":"<p>Diese hochwertigen Nadelholzbriketts aus \u00f6sterreichischer Fertigung sind f\u00fcr alle Einsatzzwecke bestens geeignet. Hoher Heizwert, sehr hohe Brenntemperatur, wenig Restasche und<\/p>\n","protected":false},"featured_media":13941,"comment_status":"open","ping_status":"closed","template":"","meta":[],"product_brand":[],"product_cat":[517],"product_tag":[],"class_list":{"0":"post-13940","1":"product","2":"type-product","3":"status-publish","4":"has-post-thumbnail","6":"product_cat-holzbriketts","8":"first","9":"instock","10":"shipping-taxable","11":"purchasable","12":"product-type-simple"},"_links":{"self":[{"href":"https:\/\/fp-brennholz.com\/index.php\/wp-json\/wp\/v2\/product\/13940","targetHints":{"allow":["GET"]}}],"collection":[{"href":"https:\/\/fp-brennholz.com\/index.php\/wp-json\/wp\/v2\/product"}],"about":[{"href":"https:\/\/fp-brennholz.com\/index.php\/wp-json\/wp\/v2\/types\/product"}],"replies":[{"embeddable":true,"href":"https:\/\/fp-brennholz.com\/index.php\/wp-json\/wp\/v2\/comments?post=13940"}],"version-history":[{"count":0,"href":"https:\/\/fp-brennholz.com\/index.php\/wp-json\/wp\/v2\/product\/13940\/revisions"}],"wp:featuredmedia":[{"embeddable":true,"href":"https:\/\/fp-brennholz.com\/index.php\/wp-json\/wp\/v2\/media\/13941"}],"wp:attachment":[{"href":"https:\/\/fp-brennholz.com\/index.php\/wp-json\/wp\/v2\/media?parent=13940"}],"wp:term":[{"taxonomy":"product_brand","embeddable":true,"href":"https:\/\/fp-brennholz.com\/index.php\/wp-json\/wp\/v2\/product_brand?post=13940"},{"taxonomy":"product_cat","embeddable":true,"href":"https:\/\/fp-brennholz.com\/index.php\/wp-json\/wp\/v2\/product_cat?post=13940"},{"taxonomy":"product_tag","embeddable":true,"href":"https:\/\/fp-brennholz.com\/index.php\/wp-json\/wp\/v2\/product_tag?post=13940"}],"curies":[{"name":"wp","href":"https:\/\/api.w.org\/{rel}","templated":true}]}}