{"id":13924,"date":"2025-08-17T08:31:18","date_gmt":"2025-08-17T06:31:18","guid":{"rendered":"https:\/\/fp-brennholz.com\/?post_type=product&#038;p=13924"},"modified":"2025-08-17T08:32:54","modified_gmt":"2025-08-17T06:32:54","slug":"buchenbriketts-pollmeier-960-kg","status":"publish","type":"product","link":"https:\/\/fp-brennholz.com\/index.php\/produit\/buchenbriketts-pollmeier-960-kg\/","title":{"rendered":"Buchenbriketts Pollmeier 960 kg"},"content":{"rendered":"<p>Sehr hart gepresste Buchenbriketts vom gr\u00f6\u00dften deutschen Buchenholz-S\u00e4gewerk. Premiumqualit\u00e4t aus deutscher Produktion mit PEFC-Siegel &#8211; das Zeichen f\u00fcr nachhaltige Forstwirtschaft. Wie alle unsere Produkte nat\u00fcrlich ohne Zus\u00e4tze, nur aus reinen S\u00e4gesp\u00e4nen. Diese Buchenbriketts von &#8222;Pollmeier&#8220; werden in der Produktion auf L\u00e4nge ges\u00e4gt und nicht gebrochen, daher saubere Schnittkanten. Sehr lange Brenndauer mit gleichm\u00e4ssiger W\u00e4rmeabgabe, wenig Asche.<\/p>\n<p>&nbsp;<\/p>\n<p>&#8211; 9 cm Durchmesser, ca. 27cm lang<br \/>\n&#8211; 4 Briketts je Pack (10kg)<br \/>\n&#8211; 100% Buchenbriketts<br \/>\n&#8211; frei von Zus\u00e4tzen<br \/>\n&#8211; extra lange Gluthaltedauer<br \/>\n&#8211; Heizwert ca. 5,1 kWh\/kg<br \/>\n&#8211; gepr\u00fcft nach DIN Plus<br \/>\n&#8211; Ascheanteil ca. 0,3%<\/p>\n","protected":false},"excerpt":{"rendered":"<p>Sehr hart gepresste Buchenbriketts vom gr\u00f6\u00dften deutschen Buchenholz-S\u00e4gewerk. Premiumqualit\u00e4t aus deutscher Produktion mit PEFC-Siegel &#8211; das Zeichen f\u00fcr nachhaltige Forstwirtschaft.<\/p>\n","protected":false},"featured_media":13928,"comment_status":"open","ping_status":"closed","template":"","meta":[],"product_brand":[],"product_cat":[517],"product_tag":[],"class_list":{"0":"post-13924","1":"product","2":"type-product","3":"status-publish","4":"has-post-thumbnail","6":"product_cat-holzbriketts","8":"first","9":"instock","10":"shipping-taxable","11":"purchasable","12":"product-type-simple"},"_links":{"self":[{"href":"https:\/\/fp-brennholz.com\/index.php\/wp-json\/wp\/v2\/product\/13924","targetHints":{"allow":["GET"]}}],"collection":[{"href":"https:\/\/fp-brennholz.com\/index.php\/wp-json\/wp\/v2\/product"}],"about":[{"href":"https:\/\/fp-brennholz.com\/index.php\/wp-json\/wp\/v2\/types\/product"}],"replies":[{"embeddable":true,"href":"https:\/\/fp-brennholz.com\/index.php\/wp-json\/wp\/v2\/comments?post=13924"}],"version-history":[{"count":0,"href":"https:\/\/fp-brennholz.com\/index.php\/wp-json\/wp\/v2\/product\/13924\/revisions"}],"wp:featuredmedia":[{"embeddable":true,"href":"https:\/\/fp-brennholz.com\/index.php\/wp-json\/wp\/v2\/media\/13928"}],"wp:attachment":[{"href":"https:\/\/fp-brennholz.com\/index.php\/wp-json\/wp\/v2\/media?parent=13924"}],"wp:term":[{"taxonomy":"product_brand","embeddable":true,"href":"https:\/\/fp-brennholz.com\/index.php\/wp-json\/wp\/v2\/product_brand?post=13924"},{"taxonomy":"product_cat","embeddable":true,"href":"https:\/\/fp-brennholz.com\/index.php\/wp-json\/wp\/v2\/product_cat?post=13924"},{"taxonomy":"product_tag","embeddable":true,"href":"https:\/\/fp-brennholz.com\/index.php\/wp-json\/wp\/v2\/product_tag?post=13924"}],"curies":[{"name":"wp","href":"https:\/\/api.w.org\/{rel}","templated":true}]}}