{"id":13921,"date":"2025-08-17T08:18:38","date_gmt":"2025-08-17T06:18:38","guid":{"rendered":"https:\/\/fp-brennholz.com\/?post_type=product&#038;p=13921"},"modified":"2025-08-17T08:18:38","modified_gmt":"2025-08-17T06:18:38","slug":"1-palette-holzpellets-65-sack-a-15-kg","status":"publish","type":"product","link":"https:\/\/fp-brennholz.com\/index.php\/produit\/1-palette-holzpellets-65-sack-a-15-kg\/","title":{"rendered":"1 Palette Holzpellets 65 Sack a 15 kg"},"content":{"rendered":"<h2>Holzpellets<\/h2>\n<p>Unsere Pellets sind EN Plus A1 und \u00d6Norm gepr\u00fcft.<br \/>\nSie sind frei von Bindemitteln und chemischen Zus\u00e4tzen.<br \/>\nDer Heizwert betr\u00e4gt ca. 5,0 kWh\/Kg<br \/>\nMa\u00dfe: 6mm<br \/>\nAus Nadelholz<\/p>\n<p>Alle wichtigen Vorteile hier auf einen Blick:<\/p>\n<p>Hoher Heizwert<br \/>\nWenig Ascheanteil<br \/>\nGeringer Staubanteil<br \/>\nKeine Verschlackung im Ofen<br \/>\nSaubere Verbrennung<br \/>\nUmweltfreundlich<br \/>\n100 % nat\u00fcrliches Holz ohne Rindenanteile<br \/>\nZertifizierte Markenware<\/p>\n","protected":false},"excerpt":{"rendered":"<p>Holzpellets Unsere Pellets sind EN Plus A1 und \u00d6Norm gepr\u00fcft. Sie sind frei von Bindemitteln und chemischen Zus\u00e4tzen. Der Heizwert<\/p>\n","protected":false},"featured_media":13922,"comment_status":"open","ping_status":"closed","template":"","meta":[],"product_brand":[],"product_cat":[516],"product_tag":[],"class_list":{"0":"post-13921","1":"product","2":"type-product","3":"status-publish","4":"has-post-thumbnail","6":"product_cat-holzpellets","8":"first","9":"instock","10":"shipping-taxable","11":"purchasable","12":"product-type-simple"},"_links":{"self":[{"href":"https:\/\/fp-brennholz.com\/index.php\/wp-json\/wp\/v2\/product\/13921","targetHints":{"allow":["GET"]}}],"collection":[{"href":"https:\/\/fp-brennholz.com\/index.php\/wp-json\/wp\/v2\/product"}],"about":[{"href":"https:\/\/fp-brennholz.com\/index.php\/wp-json\/wp\/v2\/types\/product"}],"replies":[{"embeddable":true,"href":"https:\/\/fp-brennholz.com\/index.php\/wp-json\/wp\/v2\/comments?post=13921"}],"version-history":[{"count":0,"href":"https:\/\/fp-brennholz.com\/index.php\/wp-json\/wp\/v2\/product\/13921\/revisions"}],"wp:featuredmedia":[{"embeddable":true,"href":"https:\/\/fp-brennholz.com\/index.php\/wp-json\/wp\/v2\/media\/13922"}],"wp:attachment":[{"href":"https:\/\/fp-brennholz.com\/index.php\/wp-json\/wp\/v2\/media?parent=13921"}],"wp:term":[{"taxonomy":"product_brand","embeddable":true,"href":"https:\/\/fp-brennholz.com\/index.php\/wp-json\/wp\/v2\/product_brand?post=13921"},{"taxonomy":"product_cat","embeddable":true,"href":"https:\/\/fp-brennholz.com\/index.php\/wp-json\/wp\/v2\/product_cat?post=13921"},{"taxonomy":"product_tag","embeddable":true,"href":"https:\/\/fp-brennholz.com\/index.php\/wp-json\/wp\/v2\/product_tag?post=13921"}],"curies":[{"name":"wp","href":"https:\/\/api.w.org\/{rel}","templated":true}]}}