{"id":13464,"date":"2024-08-22T13:56:25","date_gmt":"2024-08-22T11:56:25","guid":{"rendered":"https:\/\/fp-brennholz.com\/?post_type=product&#038;p=13464"},"modified":"2025-08-15T00:48:09","modified_gmt":"2025-08-14T22:48:09","slug":"pellet-badger-palette-mit-65-saecken-a-15-kg","status":"publish","type":"product","link":"https:\/\/fp-brennholz.com\/index.php\/produit\/pellet-badger-palette-mit-65-saecken-a-15-kg\/","title":{"rendered":"Pellet Badger \u2013 Palette mit 65 S\u00e4cken \u00e0 15 kg"},"content":{"rendered":"<p>Badger Holzpellets werden in Belgien hergestellt und bieten gleichbleibende Qualit\u00e4t aus Nadelholz aus nachhaltig bewirtschafteten, umweltfreundlichen W\u00e4ldern.<\/p>\n<p>Diese Pellets sind 100 % nat\u00fcrlich, frei von Klebstoffen und Zusatzstoffen und erf\u00fcllen die Anforderungen der DIN Plus- und EN Plus-Normen.<\/p>\n<p>Durch regelm\u00e4\u00dfige Kontrollen des Herstellungsprozesses, der Rohstoffbeschaffung und der Verpackung garantieren wir Ihnen den Kauf eines hochwertigen, leistungsstarken Pellets, das Ihre Heizungsanlage optimal versorgt und verstopft.<\/p>\n<p>Die Beutel bestehen aus Recyclingpapier und sind leicht recycelbar. Daher k\u00f6nnen Sie sie einfacher im Altpapier entsorgen.<\/p>\n<p>Mit diesem Pellet sichern Sie sich ein hochwertiges Pellet, das seit \u00fcber 10 Jahren auf dem Markt bekannt ist.<\/p>\n<p>Technisches Datenblatt<\/p>\n<p>Zusammensetzung<br \/>\n100 % harzhaltig<\/p>\n<p>Zertifikate<br \/>\nDIN Plus, EN Plus A1<\/p>\n<p>Heizwert<br \/>\n\u00dcber 4,6 kWh\/kg<\/p>\n<p>Feuchtigkeitsgehalt<br \/>\nUnter 10 %<\/p>\n<p>Aschegehalt<br \/>\nUnter 0,7 %<\/p>\n<p>Staubgehalt<br \/>\nUnter 0,5 %<\/p>\n<p>Durchmesser<br \/>\n6 mm<\/p>\n<p>Verpackung<br \/>\nPalette<\/p>\n<p>Herkunft<br \/>\nBelgien<\/p>\n","protected":false},"excerpt":{"rendered":"<p>BADGER Holzpellets sind DIN Plus zertifiziert und bestehen zu 100 % aus Nadelholz.<br \/>\nDie praktischen Beutel bestehen aus Recyclingpapier.<br \/>\nBadger Pellets genie\u00dfen einen guten Ruf und sind seit vielen Jahren auf dem Markt bekannt.<\/p>\n","protected":false},"featured_media":13525,"comment_status":"open","ping_status":"closed","template":"","meta":[],"product_brand":[],"product_cat":[516],"product_tag":[],"class_list":{"0":"post-13464","1":"product","2":"type-product","3":"status-publish","4":"has-post-thumbnail","6":"product_cat-holzpellets","8":"first","9":"instock","10":"shipping-taxable","11":"purchasable","12":"product-type-simple"},"_links":{"self":[{"href":"https:\/\/fp-brennholz.com\/index.php\/wp-json\/wp\/v2\/product\/13464","targetHints":{"allow":["GET"]}}],"collection":[{"href":"https:\/\/fp-brennholz.com\/index.php\/wp-json\/wp\/v2\/product"}],"about":[{"href":"https:\/\/fp-brennholz.com\/index.php\/wp-json\/wp\/v2\/types\/product"}],"replies":[{"embeddable":true,"href":"https:\/\/fp-brennholz.com\/index.php\/wp-json\/wp\/v2\/comments?post=13464"}],"version-history":[{"count":0,"href":"https:\/\/fp-brennholz.com\/index.php\/wp-json\/wp\/v2\/product\/13464\/revisions"}],"wp:featuredmedia":[{"embeddable":true,"href":"https:\/\/fp-brennholz.com\/index.php\/wp-json\/wp\/v2\/media\/13525"}],"wp:attachment":[{"href":"https:\/\/fp-brennholz.com\/index.php\/wp-json\/wp\/v2\/media?parent=13464"}],"wp:term":[{"taxonomy":"product_brand","embeddable":true,"href":"https:\/\/fp-brennholz.com\/index.php\/wp-json\/wp\/v2\/product_brand?post=13464"},{"taxonomy":"product_cat","embeddable":true,"href":"https:\/\/fp-brennholz.com\/index.php\/wp-json\/wp\/v2\/product_cat?post=13464"},{"taxonomy":"product_tag","embeddable":true,"href":"https:\/\/fp-brennholz.com\/index.php\/wp-json\/wp\/v2\/product_tag?post=13464"}],"curies":[{"name":"wp","href":"https:\/\/api.w.org\/{rel}","templated":true}]}}