{"id":13463,"date":"2024-08-22T13:56:25","date_gmt":"2024-08-22T11:56:25","guid":{"rendered":"https:\/\/fp-brennholz.com\/?post_type=product&#038;p=13463"},"modified":"2025-08-15T12:00:38","modified_gmt":"2025-08-15T10:00:38","slug":"limouzi-holzpellets-palette-mit-66-saecken-a-15-kg","status":"publish","type":"product","link":"https:\/\/fp-brennholz.com\/index.php\/produit\/limouzi-holzpellets-palette-mit-66-saecken-a-15-kg\/","title":{"rendered":"Limouzi-Holzpellets \u2013 Palette mit 66 S\u00e4cken \u00e0 15 kg"},"content":{"rendered":"<p>Diese Pellets sind dank ihrer stets frischen Rohstoffe aus dem eigenen S\u00e4gewerk von h\u00f6chster Qualit\u00e4t. Dank eines niedrigen Feuchtigkeitsgehalts von &lt;8 % verstopfen LIMOUZI-Pellets weder Ihren Ofen noch Ihren Heizeinsatz oder Kessel. Mit einem Heizwert zwischen 4,6 und 5 kWh\/kg profitieren Sie von einer langsamen und vollst\u00e4ndigen Verbrennung und reduzieren so Ihren Verbrauch. LIMOUZI-Pellets werden aus S\u00e4gemehl aus nachhaltig bewirtschafteten W\u00e4ldern und 100 % Nadelholz hergestellt, daher auch ihre PEFC-Zertifizierung. W\u00e4hrend der gesamten Produktionskette werden regelm\u00e4\u00dfig zahlreiche Qualit\u00e4tskontrollen durchgef\u00fchrt: Rohstoffqualit\u00e4t, Trocknungsprozess, Pressen, Sieben und K\u00fchlen. Sie sind DIN Plus-zertifiziert und 100 % nat\u00fcrlich, ohne Zusatzstoffe. Viermal t\u00e4glich werden Tests vor Ort und im Labor durchgef\u00fchrt, mit Produktr\u00fcckverfolgbarkeit. Die S\u00e4cke haben eine praktische Gr\u00f6\u00dfe, bestehen aus recycelbarem Polyethylen, sind langlebiger und leicht zu transportieren.<\/p>\n<p>Technisches Datenblatt<\/p>\n<p>Zertifikate<br \/>\nDIN Plus, PEFC<\/p>\n<p>Heizwert<br \/>\nZwischen 4,6 und 5 kWh\/kg<\/p>\n<p>Feuchtigkeitsgehalt<br \/>\nunter 8 %<\/p>\n<p>Aschegehalt<br \/>\nunter 0,5 %<\/p>\n<p>Staubgehalt<br \/>\nunter 0,4 %<\/p>\n<p>Holzart<br \/>\nNadelholz<\/p>\n<p>Holzart<br \/>\n100 % Nadelholz<\/p>\n<p>Durchmesser<br \/>\n6 mm<\/p>\n<p>Verpackung<br \/>\nPalette<\/p>\n<p>Herkunft<br \/>\nFrankreich<\/p>\n","protected":false},"excerpt":{"rendered":"<div class=\"woocommerce-product-details__short-description\">\n<div class=\"woocommerce-product-details__short-description\">\n<p>LIMOUZI-Holzpellets sind DIN Plus und PEFC zertifiziert und bestehen zu 100 % aus Harz. Diese hochwertigen Pellets werden in der franz\u00f6sischen Region Limousin hergestellt. Sparsam, effizient und 100 % nat\u00fcrlich.<\/p>\n<\/div>\n<\/div>\n","protected":false},"featured_media":13523,"comment_status":"open","ping_status":"closed","template":"","meta":[],"product_brand":[],"product_cat":[516],"product_tag":[],"class_list":{"0":"post-13463","1":"product","2":"type-product","3":"status-publish","4":"has-post-thumbnail","6":"product_cat-holzpellets","8":"first","9":"instock","10":"shipping-taxable","11":"purchasable","12":"product-type-simple"},"_links":{"self":[{"href":"https:\/\/fp-brennholz.com\/index.php\/wp-json\/wp\/v2\/product\/13463","targetHints":{"allow":["GET"]}}],"collection":[{"href":"https:\/\/fp-brennholz.com\/index.php\/wp-json\/wp\/v2\/product"}],"about":[{"href":"https:\/\/fp-brennholz.com\/index.php\/wp-json\/wp\/v2\/types\/product"}],"replies":[{"embeddable":true,"href":"https:\/\/fp-brennholz.com\/index.php\/wp-json\/wp\/v2\/comments?post=13463"}],"version-history":[{"count":0,"href":"https:\/\/fp-brennholz.com\/index.php\/wp-json\/wp\/v2\/product\/13463\/revisions"}],"wp:featuredmedia":[{"embeddable":true,"href":"https:\/\/fp-brennholz.com\/index.php\/wp-json\/wp\/v2\/media\/13523"}],"wp:attachment":[{"href":"https:\/\/fp-brennholz.com\/index.php\/wp-json\/wp\/v2\/media?parent=13463"}],"wp:term":[{"taxonomy":"product_brand","embeddable":true,"href":"https:\/\/fp-brennholz.com\/index.php\/wp-json\/wp\/v2\/product_brand?post=13463"},{"taxonomy":"product_cat","embeddable":true,"href":"https:\/\/fp-brennholz.com\/index.php\/wp-json\/wp\/v2\/product_cat?post=13463"},{"taxonomy":"product_tag","embeddable":true,"href":"https:\/\/fp-brennholz.com\/index.php\/wp-json\/wp\/v2\/product_tag?post=13463"}],"curies":[{"name":"wp","href":"https:\/\/api.w.org\/{rel}","templated":true}]}}