{"id":13462,"date":"2024-08-22T13:56:25","date_gmt":"2024-08-22T11:56:25","guid":{"rendered":"https:\/\/fp-brennholz.com\/?post_type=product&#038;p=13462"},"modified":"2025-08-16T14:23:33","modified_gmt":"2025-08-16T12:23:33","slug":"pellet-helios-palette-mit-65-saecken-a-15-kg","status":"publish","type":"product","link":"https:\/\/fp-brennholz.com\/index.php\/produit\/pellet-helios-palette-mit-65-saecken-a-15-kg\/","title":{"rendered":"Pellet Helios &#8211; Palette mit 65 S\u00e4cken \u00e0 15 kg"},"content":{"rendered":"<p>HELIOS Holzpellets sind DIN Plus und EN Plus A1 zertifiziert und bestehen zu 100 % aus Harz.<\/p>\n<p>Dank des transparenten Beutels sind der Staubgehalt (&lt; 0,5 %) und die sehr helle Farbe der Pellets schnell erkennbar.<\/p>\n<p>Mit einem Heizwert von \u00fcber 4,7 kWh\/kg ist es ein universelles Produkt zu einem attraktiven Preis.<\/p>\n<p>Dieses Pellet eignet sich ideal f\u00fcr Pellet\u00f6fen, -eins\u00e4tze und -kessel.<\/p>\n<p>Die Pelletlagerung muss trocken und bei moderater Temperatur erfolgen.<\/p>\n<p>Die S\u00e4cke m\u00fcssen mit einer Palette vom Boden abgehoben und von W\u00e4nden ferngehalten werden. Sie d\u00fcrfen niemals mit Feuchtigkeit in Ber\u00fchrung kommen, da sie sonst unbrauchbar werden.<\/p>\n<p>Technisches Datenblatt<\/p>\n<p>Zusammensetzung<br \/>\n100 % harzhaltig<\/p>\n<p>Zertifikate<br \/>\nDIN Plus, EN Plus A1<\/p>\n<p>Heizwert<br \/>\n\u00dcber 4,7 kWh\/kg<\/p>\n<p>Feuchtigkeitsgehalt<br \/>\nUnter 10 %<\/p>\n<p>Aschegehalt<br \/>\nUnter 0,7 %<\/p>\n<p>Staubgehalt<br \/>\nUnter 0,5 %<\/p>\n<p>Durchmesser<br \/>\n6 mm<\/p>\n<p>Verpackung<br \/>\nPalette<\/p>\n","protected":false},"excerpt":{"rendered":"<p>HELIOS Holzpellets sind DIN Plus und EN Plus A1 zertifiziert und bestehen zu 100 % aus Harz.<\/p>\n","protected":false},"featured_media":13521,"comment_status":"open","ping_status":"closed","template":"","meta":[],"product_brand":[],"product_cat":[516],"product_tag":[],"class_list":{"0":"post-13462","1":"product","2":"type-product","3":"status-publish","4":"has-post-thumbnail","6":"product_cat-holzpellets","8":"first","9":"instock","10":"shipping-taxable","11":"purchasable","12":"product-type-simple"},"_links":{"self":[{"href":"https:\/\/fp-brennholz.com\/index.php\/wp-json\/wp\/v2\/product\/13462","targetHints":{"allow":["GET"]}}],"collection":[{"href":"https:\/\/fp-brennholz.com\/index.php\/wp-json\/wp\/v2\/product"}],"about":[{"href":"https:\/\/fp-brennholz.com\/index.php\/wp-json\/wp\/v2\/types\/product"}],"replies":[{"embeddable":true,"href":"https:\/\/fp-brennholz.com\/index.php\/wp-json\/wp\/v2\/comments?post=13462"}],"version-history":[{"count":0,"href":"https:\/\/fp-brennholz.com\/index.php\/wp-json\/wp\/v2\/product\/13462\/revisions"}],"wp:featuredmedia":[{"embeddable":true,"href":"https:\/\/fp-brennholz.com\/index.php\/wp-json\/wp\/v2\/media\/13521"}],"wp:attachment":[{"href":"https:\/\/fp-brennholz.com\/index.php\/wp-json\/wp\/v2\/media?parent=13462"}],"wp:term":[{"taxonomy":"product_brand","embeddable":true,"href":"https:\/\/fp-brennholz.com\/index.php\/wp-json\/wp\/v2\/product_brand?post=13462"},{"taxonomy":"product_cat","embeddable":true,"href":"https:\/\/fp-brennholz.com\/index.php\/wp-json\/wp\/v2\/product_cat?post=13462"},{"taxonomy":"product_tag","embeddable":true,"href":"https:\/\/fp-brennholz.com\/index.php\/wp-json\/wp\/v2\/product_tag?post=13462"}],"curies":[{"name":"wp","href":"https:\/\/api.w.org\/{rel}","templated":true}]}}