{"id":13461,"date":"2024-08-22T13:56:25","date_gmt":"2024-08-22T11:56:25","guid":{"rendered":"https:\/\/fp-brennholz.com\/?post_type=product&#038;p=13461"},"modified":"2025-08-16T13:22:24","modified_gmt":"2025-08-16T11:22:24","slug":"pellets-natuerliche-energie-palette-mit-70-saecken-a-15-kg","status":"publish","type":"product","link":"https:\/\/fp-brennholz.com\/index.php\/produit\/pellets-natuerliche-energie-palette-mit-70-saecken-a-15-kg\/","title":{"rendered":"Pellets Nat\u00fcrliche Energie \u2013 Palette mit 70 S\u00e4cken \u00e0 15 kg"},"content":{"rendered":"<p>Natural Energy Holzpellets werden aus 100 % nat\u00fcrlichem Holz hergestellt.<\/p>\n<p>Mit einem hohen Heizwert von 4,6 kWh\/kg ben\u00f6tigen Sie konstant W\u00e4rme in Ihrem Zuhause.<\/p>\n<p>Der niedrige Asche- und Staubgehalt sorgt f\u00fcr weniger Verstopfungen in Ihrem Ofen.<\/p>\n<p>Diese Pellets werden von einem Unternehmen geliefert, das mit seinem niedrigen Kohlenstoffgehalt die Umwelt schont.<\/p>\n<p>Franz\u00f6sische Pellets in Premiumqualit\u00e4t \u2013 nat\u00fcrliche Energie ist alles, was Sie brauchen.<\/p>\n<p>Technische Daten<br \/>\nZertifikate<br \/>\nDINPlus<\/p>\n<p>Heizwert<br \/>\n\u00dcber 4,6 kWh\/kg<\/p>\n<p>Feuchtigkeitsgehalt<br \/>\nUnter 10 %<\/p>\n<p>Aschegehalt<br \/>\nUnter 0,7 %<\/p>\n<p>Staubgehalt<br \/>\nUnter 1 %<\/p>\n<p>Durchmesser<br \/>\n6 mm<\/p>\n<p>Verpackung<br \/>\nSortiment<\/p>\n<p>Herkunft<br \/>\nFrankreich<\/p>\n","protected":false},"excerpt":{"rendered":"<p>NATURAL ENERGIE Holzpellets sind DIN Plus-zertifiziert und werden in der franz\u00f6sischen Region Puy de D\u00f4me hergestellt.<\/p>\n<p>Diese Pellets bestehen zu 100 % aus Nadelholzs\u00e4gemehl aus lokalen S\u00e4gewerken.<\/p>\n","protected":false},"featured_media":13519,"comment_status":"open","ping_status":"closed","template":"","meta":[],"product_brand":[],"product_cat":[516],"product_tag":[],"class_list":{"0":"post-13461","1":"product","2":"type-product","3":"status-publish","4":"has-post-thumbnail","6":"product_cat-holzpellets","8":"first","9":"instock","10":"shipping-taxable","11":"purchasable","12":"product-type-simple"},"_links":{"self":[{"href":"https:\/\/fp-brennholz.com\/index.php\/wp-json\/wp\/v2\/product\/13461","targetHints":{"allow":["GET"]}}],"collection":[{"href":"https:\/\/fp-brennholz.com\/index.php\/wp-json\/wp\/v2\/product"}],"about":[{"href":"https:\/\/fp-brennholz.com\/index.php\/wp-json\/wp\/v2\/types\/product"}],"replies":[{"embeddable":true,"href":"https:\/\/fp-brennholz.com\/index.php\/wp-json\/wp\/v2\/comments?post=13461"}],"version-history":[{"count":0,"href":"https:\/\/fp-brennholz.com\/index.php\/wp-json\/wp\/v2\/product\/13461\/revisions"}],"wp:featuredmedia":[{"embeddable":true,"href":"https:\/\/fp-brennholz.com\/index.php\/wp-json\/wp\/v2\/media\/13519"}],"wp:attachment":[{"href":"https:\/\/fp-brennholz.com\/index.php\/wp-json\/wp\/v2\/media?parent=13461"}],"wp:term":[{"taxonomy":"product_brand","embeddable":true,"href":"https:\/\/fp-brennholz.com\/index.php\/wp-json\/wp\/v2\/product_brand?post=13461"},{"taxonomy":"product_cat","embeddable":true,"href":"https:\/\/fp-brennholz.com\/index.php\/wp-json\/wp\/v2\/product_cat?post=13461"},{"taxonomy":"product_tag","embeddable":true,"href":"https:\/\/fp-brennholz.com\/index.php\/wp-json\/wp\/v2\/product_tag?post=13461"}],"curies":[{"name":"wp","href":"https:\/\/api.w.org\/{rel}","templated":true}]}}