{"id":13460,"date":"2024-08-22T13:56:25","date_gmt":"2024-08-22T11:56:25","guid":{"rendered":"https:\/\/fp-brennholz.com\/?post_type=product&#038;p=13460"},"modified":"2025-08-16T13:36:13","modified_gmt":"2025-08-16T11:36:13","slug":"pellet-valboval-palette-mit-65-saecken-a-15-kg","status":"publish","type":"product","link":"https:\/\/fp-brennholz.com\/index.php\/produit\/pellet-valboval-palette-mit-65-saecken-a-15-kg\/","title":{"rendered":"Pellet Valboval \u2013 Palette mit 65 S\u00e4cken \u00e0 15 kg"},"content":{"rendered":"<p>VALBOVAL Pellets geh\u00f6ren zu unseren Premiumprodukten; ihre Qualit\u00e4t \u00fcbertrifft die Anforderungen der DIN Plus-Norm.<\/p>\n<p>Dank ihres geringen Asche- und Staubgehalts verstopfen sie weder Ihren Ofen noch Ihren Heizeinsatz oder Ihren Heizkessel.<\/p>\n<p>Der hohe Heizwert (5 kWh\/kg) garantiert Ihnen gleichm\u00e4\u00dfige W\u00e4rme in Ihrem Zuhause und einen schnellen Temperaturanstieg.<\/p>\n<p>Sie eignen sich ideal f\u00fcr alle Pelletheizungen.<\/p>\n<p>Diese Pellets werden in Frankreich hergestellt. Mit Ihrem Kauf entscheiden Sie sich f\u00fcr eine \u00f6kologische und wirtschaftliche Heizmethode und schonen gleichzeitig Ihr Ger\u00e4t.<\/p>\n<p>Referenz: PELLET_PALETTE_VALBOVAL<\/p>\n<p>Technisches Datenblatt<br \/>\nZusammensetzung<br \/>\n100 % Nadelholz<\/p>\n<p>Zertifikate<br \/>\nDIN Plus<\/p>\n<p>Heizwert<br \/>\n\u00dcber 5 kWh\/kg<\/p>\n<p>Feuchtigkeitsgehalt<br \/>\nUnter 10 %<\/p>\n<p>Aschegehalt<br \/>\nUnter 0,7 %<\/p>\n<p>Staubgehalt<br \/>\nUnter 0,5 %<\/p>\n<p>Holzart<br \/>\n100 % Nadelholz<\/p>\n<p>Durchmesser<br \/>\n6 mm<\/p>\n<p>Verpackung<br \/>\nPalette<\/p>\n<p>Herkunft<br \/>\nFrankreich<\/p>\n","protected":false},"excerpt":{"rendered":"<p>VALBOVAL Holzpellets, 100 % franz\u00f6sisches Nadelholz, DIN Plus-zertifiziert.<\/p>\n<p>Hoher Heizwert und geringer Asche- und Staubgehalt.<\/p>\n<p>Lokales Produkt von guter Qualit\u00e4t und niedrigem Preis.<\/p>\n","protected":false},"featured_media":13517,"comment_status":"open","ping_status":"closed","template":"","meta":[],"product_brand":[],"product_cat":[516],"product_tag":[],"class_list":{"0":"post-13460","1":"product","2":"type-product","3":"status-publish","4":"has-post-thumbnail","6":"product_cat-holzpellets","8":"first","9":"instock","10":"shipping-taxable","11":"purchasable","12":"product-type-simple"},"_links":{"self":[{"href":"https:\/\/fp-brennholz.com\/index.php\/wp-json\/wp\/v2\/product\/13460","targetHints":{"allow":["GET"]}}],"collection":[{"href":"https:\/\/fp-brennholz.com\/index.php\/wp-json\/wp\/v2\/product"}],"about":[{"href":"https:\/\/fp-brennholz.com\/index.php\/wp-json\/wp\/v2\/types\/product"}],"replies":[{"embeddable":true,"href":"https:\/\/fp-brennholz.com\/index.php\/wp-json\/wp\/v2\/comments?post=13460"}],"version-history":[{"count":0,"href":"https:\/\/fp-brennholz.com\/index.php\/wp-json\/wp\/v2\/product\/13460\/revisions"}],"wp:featuredmedia":[{"embeddable":true,"href":"https:\/\/fp-brennholz.com\/index.php\/wp-json\/wp\/v2\/media\/13517"}],"wp:attachment":[{"href":"https:\/\/fp-brennholz.com\/index.php\/wp-json\/wp\/v2\/media?parent=13460"}],"wp:term":[{"taxonomy":"product_brand","embeddable":true,"href":"https:\/\/fp-brennholz.com\/index.php\/wp-json\/wp\/v2\/product_brand?post=13460"},{"taxonomy":"product_cat","embeddable":true,"href":"https:\/\/fp-brennholz.com\/index.php\/wp-json\/wp\/v2\/product_cat?post=13460"},{"taxonomy":"product_tag","embeddable":true,"href":"https:\/\/fp-brennholz.com\/index.php\/wp-json\/wp\/v2\/product_tag?post=13460"}],"curies":[{"name":"wp","href":"https:\/\/api.w.org\/{rel}","templated":true}]}}