{"id":13459,"date":"2024-08-22T13:56:25","date_gmt":"2024-08-22T11:56:25","guid":{"rendered":"https:\/\/fp-brennholz.com\/?post_type=product&#038;p=13459"},"modified":"2025-08-15T00:35:09","modified_gmt":"2025-08-14T22:35:09","slug":"pellet-din-pellets-palette-mit-65-saecken-a-15-kg","status":"publish","type":"product","link":"https:\/\/fp-brennholz.com\/index.php\/produit\/pellet-din-pellets-palette-mit-65-saecken-a-15-kg\/","title":{"rendered":"Pellet Din Pellets \u2013 Palette mit 65 S\u00e4cken \u00e0 15 kg"},"content":{"rendered":"<p>DIN Pellets Holzpellets werden in Nordfrankreich hergestellt.<\/p>\n<p>Sie werden aus S\u00e4gemehl aus der eigenen Fabrik hergestellt und ohne Zusatzstoffe, Klebstoffe oder Chemikalien verdichtet.<\/p>\n<p>Diese Pellets sind DIN Plus-zertifiziert, ein deutscher Standard, und erf\u00fcllen strenge Herstellungskriterien.<\/p>\n<p>Die Qualit\u00e4t dieser Pellets entspricht der Standardqualit\u00e4t und passt perfekt in alle Pellet\u00f6fen, -eins\u00e4tze und -kessel, ohne diese zu verstopfen.<\/p>\n<p>Dank ihres Herstellungsverfahrens haben diese Pellets einen sehr geringen Feuchtigkeitsgehalt, was eine bessere Verbrennung und gleichm\u00e4\u00dfige W\u00e4rme garantiert.<\/p>\n<p>Diese Pellets stammen zu 100 % aus Frankreich. Mit Ihrem Kauf entscheiden Sie sich f\u00fcr eine \u00f6kologische und wirtschaftliche Heizmethode.<\/p>\n<p>Referenz: PELLET_PALETTE_DINPELLETS<\/p>\n<p>Technisches Datenblatt<br \/>\nZusammensetzung<br \/>\n100 % harzhaltig<\/p>\n<p>Zertifikate<br \/>\nDIN Plus<\/p>\n<p>Heizwert<br \/>\n\u00dcber 4,8 kWh\/kg<\/p>\n<p>Feuchtigkeitsgehalt<br \/>\nUnter 10 %<\/p>\n<p>Aschegehalt<br \/>\nUnter 0,5 %<\/p>\n<p>Staubgehalt<br \/>\nUnter 1 %<\/p>\n<p>L\u00e4nge<br \/>\n20 bis 45 mm<\/p>\n<p>Durchmesser<br \/>\n6 mm<\/p>\n<p>Verpackung<br \/>\nPalette<\/p>\n<p>Herkunft<br \/>\nFrankreich<\/p>\n","protected":false},"excerpt":{"rendered":"<p>DIN PELLETS Holzpellets, DIN Plus-zertifiziert und 100 % Nadelholz.<\/p>\n<p>Hergestellt in Nordfrankreich f\u00fcr ein hochwertiges, regional bezogenes Produkt.<\/p>\n","protected":false},"featured_media":13515,"comment_status":"open","ping_status":"closed","template":"","meta":[],"product_brand":[],"product_cat":[516],"product_tag":[],"class_list":{"0":"post-13459","1":"product","2":"type-product","3":"status-publish","4":"has-post-thumbnail","6":"product_cat-holzpellets","8":"first","9":"instock","10":"shipping-taxable","11":"purchasable","12":"product-type-simple"},"_links":{"self":[{"href":"https:\/\/fp-brennholz.com\/index.php\/wp-json\/wp\/v2\/product\/13459","targetHints":{"allow":["GET"]}}],"collection":[{"href":"https:\/\/fp-brennholz.com\/index.php\/wp-json\/wp\/v2\/product"}],"about":[{"href":"https:\/\/fp-brennholz.com\/index.php\/wp-json\/wp\/v2\/types\/product"}],"replies":[{"embeddable":true,"href":"https:\/\/fp-brennholz.com\/index.php\/wp-json\/wp\/v2\/comments?post=13459"}],"version-history":[{"count":0,"href":"https:\/\/fp-brennholz.com\/index.php\/wp-json\/wp\/v2\/product\/13459\/revisions"}],"wp:featuredmedia":[{"embeddable":true,"href":"https:\/\/fp-brennholz.com\/index.php\/wp-json\/wp\/v2\/media\/13515"}],"wp:attachment":[{"href":"https:\/\/fp-brennholz.com\/index.php\/wp-json\/wp\/v2\/media?parent=13459"}],"wp:term":[{"taxonomy":"product_brand","embeddable":true,"href":"https:\/\/fp-brennholz.com\/index.php\/wp-json\/wp\/v2\/product_brand?post=13459"},{"taxonomy":"product_cat","embeddable":true,"href":"https:\/\/fp-brennholz.com\/index.php\/wp-json\/wp\/v2\/product_cat?post=13459"},{"taxonomy":"product_tag","embeddable":true,"href":"https:\/\/fp-brennholz.com\/index.php\/wp-json\/wp\/v2\/product_tag?post=13459"}],"curies":[{"name":"wp","href":"https:\/\/api.w.org\/{rel}","templated":true}]}}