{"id":13458,"date":"2024-08-22T13:56:25","date_gmt":"2024-08-22T11:56:25","guid":{"rendered":"https:\/\/fp-brennholz.com\/?post_type=product&#038;p=13458"},"modified":"2025-08-16T13:41:30","modified_gmt":"2025-08-16T11:41:30","slug":"pellet-ardenforest-palette-mit-70-saecken-a-15-kg","status":"publish","type":"product","link":"https:\/\/fp-brennholz.com\/index.php\/produit\/pellet-ardenforest-palette-mit-70-saecken-a-15-kg\/","title":{"rendered":"Pellet Ardenforest \u2013 Palette mit 70 S\u00e4cken \u00e0 15 kg"},"content":{"rendered":"<p>Ardenforest Holzpellets sind DIN Plus-zertifiziert und werden in der Region Champagne-Ardenne aus einer Mischung aus Weich- und Hartholz mit hohem Heizwert hergestellt.<\/p>\n<p>Diese Pellets sind von hoher Qualit\u00e4t und eignen sich ideal f\u00fcr alle Pelletheizungen wie \u00d6fen, Eins\u00e4tze und Heizkessel.<\/p>\n<p>100 % Weichholz ist nicht zwingend erforderlich; z\u00f6gern Sie nicht, eine Holzmischung auszuprobieren. Sie verstopft Ihre Heizungsanlage nicht, sorgt aber f\u00fcr gleichm\u00e4\u00dfige W\u00e4rme und einen schnellen Temperaturanstieg.<\/p>\n<p>Und ja, Sie k\u00f6nnen Ihr Haus auch mit Pellets heizen, die nicht zu 100 % aus Weichholz bestehen!<\/p>\n<p>Eine Mischung aus Hart- und Weichholz erzeugt einen nat\u00fcrlichen Klebstoff auf den Pellets und verhindert so, dass sie beim Verdichten und Transport zur Schnecke brechen.<\/p>\n<p>Die Herkunft des Holzes ist f\u00fcr die Umwelt sehr wichtig; je n\u00e4her Sie ein Pellet an Ihrem Wohnort w\u00e4hlen, desto geringer sind Ihre CO2-Emissionen.<\/p>\n<p>F\u00fcr ein gutes Pellet ist ein Feuchtigkeitsgehalt von &lt; 10 %, ein Aschegehalt von &lt; 0,7 %, ein Staubgehalt von &lt; 0,5 % und ein Heizwert von &gt; 4,6 kWh\/kg erforderlich.<\/p>\n<p>Technisches Datenblatt<\/p>\n<p>Zusammensetzung<br \/>\nNadel- und Laubh\u00f6lzer<\/p>\n<p>Zertifikate<br \/>\nDIN Plus, PEFC<\/p>\n<p>Heizwert<br \/>\n\u00dcber 5 kWh\/kg<\/p>\n<p>Feuchtigkeitsgehalt<br \/>\nUnter 10 %<\/p>\n<p>Aschegehalt<br \/>\nUnter 0,7 %<\/p>\n<p>Staubgehalt<br \/>\nUnter 0,5 %<\/p>\n<p>Durchmesser<br \/>\n6 mm<\/p>\n<p>Verpackung<br \/>\nPalette<\/p>\n<p>Herkunft<br \/>\nFrankreich<\/p>\n","protected":false},"excerpt":{"rendered":"<p>ARDENFOREST Holzpellets sind DIN Plus-zertifiziert und werden in der Region Champagne-Ardenne hergestellt.<\/p>\n<p>Diese Pellets bestehen aus 70 % Nadelholz und 30 % Laubholz und sorgen so f\u00fcr gleichm\u00e4\u00dfige W\u00e4rme und effiziente Verbrennung.<\/p>\n","protected":false},"featured_media":13513,"comment_status":"open","ping_status":"closed","template":"","meta":[],"product_brand":[],"product_cat":[516],"product_tag":[],"class_list":{"0":"post-13458","1":"product","2":"type-product","3":"status-publish","4":"has-post-thumbnail","6":"product_cat-holzpellets","8":"first","9":"instock","10":"shipping-taxable","11":"purchasable","12":"product-type-simple"},"_links":{"self":[{"href":"https:\/\/fp-brennholz.com\/index.php\/wp-json\/wp\/v2\/product\/13458","targetHints":{"allow":["GET"]}}],"collection":[{"href":"https:\/\/fp-brennholz.com\/index.php\/wp-json\/wp\/v2\/product"}],"about":[{"href":"https:\/\/fp-brennholz.com\/index.php\/wp-json\/wp\/v2\/types\/product"}],"replies":[{"embeddable":true,"href":"https:\/\/fp-brennholz.com\/index.php\/wp-json\/wp\/v2\/comments?post=13458"}],"version-history":[{"count":0,"href":"https:\/\/fp-brennholz.com\/index.php\/wp-json\/wp\/v2\/product\/13458\/revisions"}],"wp:featuredmedia":[{"embeddable":true,"href":"https:\/\/fp-brennholz.com\/index.php\/wp-json\/wp\/v2\/media\/13513"}],"wp:attachment":[{"href":"https:\/\/fp-brennholz.com\/index.php\/wp-json\/wp\/v2\/media?parent=13458"}],"wp:term":[{"taxonomy":"product_brand","embeddable":true,"href":"https:\/\/fp-brennholz.com\/index.php\/wp-json\/wp\/v2\/product_brand?post=13458"},{"taxonomy":"product_cat","embeddable":true,"href":"https:\/\/fp-brennholz.com\/index.php\/wp-json\/wp\/v2\/product_cat?post=13458"},{"taxonomy":"product_tag","embeddable":true,"href":"https:\/\/fp-brennholz.com\/index.php\/wp-json\/wp\/v2\/product_tag?post=13458"}],"curies":[{"name":"wp","href":"https:\/\/api.w.org\/{rel}","templated":true}]}}