{"id":13457,"date":"2024-08-22T13:56:25","date_gmt":"2024-08-22T11:56:25","guid":{"rendered":"https:\/\/fp-brennholz.com\/?post_type=product&#038;p=13457"},"modified":"2025-08-16T13:48:41","modified_gmt":"2025-08-16T11:48:41","slug":"pellet-green-energy-palette-mit-65-saecken-a-15-kg","status":"publish","type":"product","link":"https:\/\/fp-brennholz.com\/index.php\/produit\/pellet-green-energy-palette-mit-65-saecken-a-15-kg\/","title":{"rendered":"Pellet Green Energy \u2013 Palette mit 65 S\u00e4cken \u00e0 15 kg"},"content":{"rendered":"<p>Holzpellets werden h\u00e4ufig zum sparsamen Heizen eingesetzt. Die in den Benelux-L\u00e4ndern produzierten Pellets sind von hoher Qualit\u00e4t und verf\u00fcgen \u00fcber die doppelte DIN Plus- und EN Plus-Zertifizierung.<\/p>\n<p>Die Qualit\u00e4tsstandards entsprechen den Marktstandards mit einem Aschegehalt von 0,7 % und einem Staubgehalt von 0,5 %.<\/p>\n<p>Technisches Datenblatt<br \/>\nZusammensetzung<br \/>\nNadel- und Laubh\u00f6lzer<\/p>\n<p>Zertifikate<br \/>\nDIN Plus, EN Plus A1<\/p>\n<p>Heizwert<br \/>\n\u00dcber 4,6 kWh\/kg<\/p>\n<p>Aschegehalt<br \/>\nUnter 0,7 %<\/p>\n<p>Staubgehalt<br \/>\nUnter 0,5 %<\/p>\n<p>Durchmesser<br \/>\n6 mm<\/p>\n<p>Verpackung<br \/>\nPalette<\/p>\n<p>Herkunft<br \/>\nNiederlande<\/p>\n","protected":false},"excerpt":{"rendered":"<div class=\"woocommerce-product-details__short-description\">\n<div class=\"woocommerce-product-details__short-description\">\n<p>Diese Pellets nach DIN Plus und EN Plus bestehen zu 70 % aus Nadelholz und zu 30 % aus Laubholz. Die Produktion erfolgt in zwei Werken in den Niederlanden und Belgien. Das ideale Pellet f\u00fcr den kleinen Geldbeutel.<\/p>\n<\/div>\n<\/div>\n","protected":false},"featured_media":13511,"comment_status":"open","ping_status":"closed","template":"","meta":[],"product_brand":[],"product_cat":[516],"product_tag":[],"class_list":{"0":"post-13457","1":"product","2":"type-product","3":"status-publish","4":"has-post-thumbnail","6":"product_cat-holzpellets","8":"first","9":"instock","10":"shipping-taxable","11":"purchasable","12":"product-type-simple"},"_links":{"self":[{"href":"https:\/\/fp-brennholz.com\/index.php\/wp-json\/wp\/v2\/product\/13457","targetHints":{"allow":["GET"]}}],"collection":[{"href":"https:\/\/fp-brennholz.com\/index.php\/wp-json\/wp\/v2\/product"}],"about":[{"href":"https:\/\/fp-brennholz.com\/index.php\/wp-json\/wp\/v2\/types\/product"}],"replies":[{"embeddable":true,"href":"https:\/\/fp-brennholz.com\/index.php\/wp-json\/wp\/v2\/comments?post=13457"}],"version-history":[{"count":0,"href":"https:\/\/fp-brennholz.com\/index.php\/wp-json\/wp\/v2\/product\/13457\/revisions"}],"wp:featuredmedia":[{"embeddable":true,"href":"https:\/\/fp-brennholz.com\/index.php\/wp-json\/wp\/v2\/media\/13511"}],"wp:attachment":[{"href":"https:\/\/fp-brennholz.com\/index.php\/wp-json\/wp\/v2\/media?parent=13457"}],"wp:term":[{"taxonomy":"product_brand","embeddable":true,"href":"https:\/\/fp-brennholz.com\/index.php\/wp-json\/wp\/v2\/product_brand?post=13457"},{"taxonomy":"product_cat","embeddable":true,"href":"https:\/\/fp-brennholz.com\/index.php\/wp-json\/wp\/v2\/product_cat?post=13457"},{"taxonomy":"product_tag","embeddable":true,"href":"https:\/\/fp-brennholz.com\/index.php\/wp-json\/wp\/v2\/product_tag?post=13457"}],"curies":[{"name":"wp","href":"https:\/\/api.w.org\/{rel}","templated":true}]}}