{"id":13456,"date":"2024-08-22T13:56:25","date_gmt":"2024-08-22T11:56:25","guid":{"rendered":"https:\/\/fp-brennholz.com\/?post_type=product&#038;p=13456"},"modified":"2025-08-16T13:58:05","modified_gmt":"2025-08-16T11:58:05","slug":"pellet-bio-energie-palette-mit-66-saecken-a-15-kg","status":"publish","type":"product","link":"https:\/\/fp-brennholz.com\/index.php\/produit\/pellet-bio-energie-palette-mit-66-saecken-a-15-kg\/","title":{"rendered":"Pellet Bio Energie \u2013 Palette mit 66 S\u00e4cken \u00e0 15 kg"},"content":{"rendered":"<p>Pellets Bio Energie aus nachhaltig bewirtschafteten deutschen W\u00e4ldern.<\/p>\n<p>Sie werden aus 100 % Nadelholz in einem umweltbewussten Unternehmen hergestellt, das sich f\u00fcr die Entwicklung erneuerbarer Energien einsetzt.<\/p>\n<p>Sie sind DIN Plus, EN Plus A1 und PEFC-zertifiziert und somit f\u00fcr alle Pelletheizungen geeignet.<\/p>\n<p>Sie verstopfen weder Ihren Ofen noch Ihren Heizkessel.<\/p>\n<p>Technisches Datenblatt<\/p>\n<p>Zertifikate<br \/>\nDIN Plus, EN Plus A1<\/p>\n<p>Heizwert<br \/>\n\u00dcber 4,6 kWh\/kg<\/p>\n<p>Feuchtigkeitsgehalt<br \/>\nUnter 8 %<\/p>\n<p>Aschegehalt<br \/>\nUnter 0,5 %<\/p>\n<p>Staubgehalt<br \/>\nUnter 0,7 %<\/p>\n<p>Verpackung<br \/>\nPalette<\/p>\n<p>Herkunft<br \/>\nDeutschland<\/p>\n","protected":false},"excerpt":{"rendered":"<p>BIO ENERGY Holzpellets, DIN Plus, EN Plus A1 und PEFC-zertifiziert, 100 % Nadelholz.<\/p>\n<p>Hergestellt in Deutschland in einem umweltbewussten S\u00e4gewerk.<\/p>\n<p>Wir legen Wert auf Produktqualit\u00e4t und verwenden ausschlie\u00dflich Naturholz aus nachhaltig bewirtschafteten W\u00e4ldern.<\/p>\n","protected":false},"featured_media":13509,"comment_status":"open","ping_status":"closed","template":"","meta":[],"product_brand":[],"product_cat":[516],"product_tag":[],"class_list":{"0":"post-13456","1":"product","2":"type-product","3":"status-publish","4":"has-post-thumbnail","6":"product_cat-holzpellets","8":"first","9":"instock","10":"shipping-taxable","11":"purchasable","12":"product-type-simple"},"_links":{"self":[{"href":"https:\/\/fp-brennholz.com\/index.php\/wp-json\/wp\/v2\/product\/13456","targetHints":{"allow":["GET"]}}],"collection":[{"href":"https:\/\/fp-brennholz.com\/index.php\/wp-json\/wp\/v2\/product"}],"about":[{"href":"https:\/\/fp-brennholz.com\/index.php\/wp-json\/wp\/v2\/types\/product"}],"replies":[{"embeddable":true,"href":"https:\/\/fp-brennholz.com\/index.php\/wp-json\/wp\/v2\/comments?post=13456"}],"version-history":[{"count":0,"href":"https:\/\/fp-brennholz.com\/index.php\/wp-json\/wp\/v2\/product\/13456\/revisions"}],"wp:featuredmedia":[{"embeddable":true,"href":"https:\/\/fp-brennholz.com\/index.php\/wp-json\/wp\/v2\/media\/13509"}],"wp:attachment":[{"href":"https:\/\/fp-brennholz.com\/index.php\/wp-json\/wp\/v2\/media?parent=13456"}],"wp:term":[{"taxonomy":"product_brand","embeddable":true,"href":"https:\/\/fp-brennholz.com\/index.php\/wp-json\/wp\/v2\/product_brand?post=13456"},{"taxonomy":"product_cat","embeddable":true,"href":"https:\/\/fp-brennholz.com\/index.php\/wp-json\/wp\/v2\/product_cat?post=13456"},{"taxonomy":"product_tag","embeddable":true,"href":"https:\/\/fp-brennholz.com\/index.php\/wp-json\/wp\/v2\/product_tag?post=13456"}],"curies":[{"name":"wp","href":"https:\/\/api.w.org\/{rel}","templated":true}]}}