{"id":13454,"date":"2024-08-22T13:56:25","date_gmt":"2024-08-22T11:56:25","guid":{"rendered":"https:\/\/fp-brennholz.com\/?post_type=product&#038;p=13454"},"modified":"2025-08-16T14:43:17","modified_gmt":"2025-08-16T12:43:17","slug":"granules-bois-dor-en-palette-de-66-sac-de-15kg","status":"publish","type":"product","link":"https:\/\/fp-brennholz.com\/index.php\/produit\/granules-bois-dor-en-palette-de-66-sac-de-15kg\/","title":{"rendered":"Pellet Bois d&#8217;Or auf einer Palette mit 66 S\u00e4cken \u00e0 15 kg"},"content":{"rendered":"<p>Palette mit 66 S\u00e4cken \u00e0 15 kg Pellets der Marke BOIS d&#8217;OR, 100 % Nadelholz.<br \/>\nHolz aus franz\u00f6sischen W\u00e4ldern.<br \/>\nDie Pellets werden aus unbehandeltem S\u00e4gemehl ohne Klebstoffe und Bindemittel hergestellt. Durch die Hochdruckverdichtung sind die Pellets sauber und staubfrei. BOIS d&#8217;OR Pellets sind DIN+ zertifiziert.<br \/>\nDieses Produkt bietet dank seines niedrigen Feuchtigkeitsgehalts (&lt;8 %) und streng \u00fcberwachter Produktionsprozesse eine hervorragende Energieeffizienz (5 kWh\/kg). Die gleichm\u00e4\u00dfige Partikelgr\u00f6\u00dfe erleichtert den Durchfluss. Diese Pellets k\u00f6nnen f\u00fcr alle Arten von Holzpelletger\u00e4ten verwendet werden: Pelletkessel, Kamin\u00f6fen, geschlossene Kamineins\u00e4tze usw.<\/p>\n","protected":false},"excerpt":{"rendered":"<p>Palette mit 66 S\u00e4cken \u00e0 15 kg Pellets, Marke BOIS D\u2019OR, 100 % Nadelholz. Holz aus franz\u00f6sischen W\u00e4ldern.<\/p>\n","protected":false},"featured_media":13505,"comment_status":"open","ping_status":"closed","template":"","meta":[],"product_brand":[],"product_cat":[516],"product_tag":[],"class_list":{"0":"post-13454","1":"product","2":"type-product","3":"status-publish","4":"has-post-thumbnail","6":"product_cat-holzpellets","8":"first","9":"instock","10":"shipping-taxable","11":"purchasable","12":"product-type-simple"},"_links":{"self":[{"href":"https:\/\/fp-brennholz.com\/index.php\/wp-json\/wp\/v2\/product\/13454","targetHints":{"allow":["GET"]}}],"collection":[{"href":"https:\/\/fp-brennholz.com\/index.php\/wp-json\/wp\/v2\/product"}],"about":[{"href":"https:\/\/fp-brennholz.com\/index.php\/wp-json\/wp\/v2\/types\/product"}],"replies":[{"embeddable":true,"href":"https:\/\/fp-brennholz.com\/index.php\/wp-json\/wp\/v2\/comments?post=13454"}],"version-history":[{"count":0,"href":"https:\/\/fp-brennholz.com\/index.php\/wp-json\/wp\/v2\/product\/13454\/revisions"}],"wp:featuredmedia":[{"embeddable":true,"href":"https:\/\/fp-brennholz.com\/index.php\/wp-json\/wp\/v2\/media\/13505"}],"wp:attachment":[{"href":"https:\/\/fp-brennholz.com\/index.php\/wp-json\/wp\/v2\/media?parent=13454"}],"wp:term":[{"taxonomy":"product_brand","embeddable":true,"href":"https:\/\/fp-brennholz.com\/index.php\/wp-json\/wp\/v2\/product_brand?post=13454"},{"taxonomy":"product_cat","embeddable":true,"href":"https:\/\/fp-brennholz.com\/index.php\/wp-json\/wp\/v2\/product_cat?post=13454"},{"taxonomy":"product_tag","embeddable":true,"href":"https:\/\/fp-brennholz.com\/index.php\/wp-json\/wp\/v2\/product_tag?post=13454"}],"curies":[{"name":"wp","href":"https:\/\/api.w.org\/{rel}","templated":true}]}}