{"id":13453,"date":"2024-08-22T13:56:25","date_gmt":"2024-08-22T11:56:25","guid":{"rendered":"https:\/\/fp-brennholz.com\/?post_type=product&#038;p=13453"},"modified":"2025-08-16T14:38:19","modified_gmt":"2025-08-16T12:38:19","slug":"pellet-excellent-pellets-palette-mit-65-saecken-a-15-kg","status":"publish","type":"product","link":"https:\/\/fp-brennholz.com\/index.php\/produit\/pellet-excellent-pellets-palette-mit-65-saecken-a-15-kg\/","title":{"rendered":"Pellet Excellent Pellets &#8211; Palette mit 65 S\u00e4cken \u00e0 15 kg"},"content":{"rendered":"<p>Durch die Verwendung von S\u00e4gemehl in einer kurzen Lieferkette bleibt es extrem frisch.<\/p>\n<p>Diese Rohstoffe werden anschlie\u00dfend bei niedrigen Temperaturen (Bandtrockner) getrocknet. Diese sorgf\u00e4ltige Rohstoffbehandlung f\u00fchrt zu einem niedrigen Aschegehalt und einer hohen Ascheverformungstemperatur (verhindert die Bildung von Klinker).<\/p>\n<p>Die hohe H\u00e4rte der Pellets, die durch hochdichtes Pressen erreicht wird, der niedrige Feuchtigkeitsgehalt und die abschlie\u00dfende Siebung vor der Abf\u00fcllung in jeden Sack, f\u00fchren zu einem sehr geringen Staubgehalt im Werk.<\/p>\n<p>Sie \u00fcbertreffen die strengsten DIN Plus- und EN Plus-Qualit\u00e4tsstandards.<\/p>\n<p>Sie eignen sich perfekt f\u00fcr alle Holzpelletheizungen.<\/p>\n<p>Technisches Datenblatt<\/p>\n<p>Zertifikate: DIN Plus, EN Plus A1<\/p>\n<p>Heizwert: \u00dcber 5 kWh\/kg<\/p>\n<p>Feuchtigkeitsgehalt: Unter 5,9 %<\/p>\n<p>Aschegehalt: Unter 0,4 %<\/p>\n<p>Staubgehalt: Unter 0,21 %<\/p>\n<p>Holzart: Nadelholz<\/p>\n<p>Holzart: 100 % Nadelholz<\/p>\n<p>Verpackung: Palette<\/p>\n<p>Herkunft: Belgien<\/p>\n","protected":false},"excerpt":{"rendered":"<p>Pellet Excellent Pellets, Sie werden in einem gro\u00dfen S\u00e4gewerk hergestellt, wo S\u00e4gemehl direkt vor Ort zur Herstellung von Pellets verwendet wird.<\/p>\n","protected":false},"featured_media":13503,"comment_status":"open","ping_status":"closed","template":"","meta":[],"product_brand":[],"product_cat":[516],"product_tag":[],"class_list":{"0":"post-13453","1":"product","2":"type-product","3":"status-publish","4":"has-post-thumbnail","6":"product_cat-holzpellets","8":"first","9":"instock","10":"shipping-taxable","11":"purchasable","12":"product-type-simple"},"_links":{"self":[{"href":"https:\/\/fp-brennholz.com\/index.php\/wp-json\/wp\/v2\/product\/13453","targetHints":{"allow":["GET"]}}],"collection":[{"href":"https:\/\/fp-brennholz.com\/index.php\/wp-json\/wp\/v2\/product"}],"about":[{"href":"https:\/\/fp-brennholz.com\/index.php\/wp-json\/wp\/v2\/types\/product"}],"replies":[{"embeddable":true,"href":"https:\/\/fp-brennholz.com\/index.php\/wp-json\/wp\/v2\/comments?post=13453"}],"version-history":[{"count":0,"href":"https:\/\/fp-brennholz.com\/index.php\/wp-json\/wp\/v2\/product\/13453\/revisions"}],"wp:featuredmedia":[{"embeddable":true,"href":"https:\/\/fp-brennholz.com\/index.php\/wp-json\/wp\/v2\/media\/13503"}],"wp:attachment":[{"href":"https:\/\/fp-brennholz.com\/index.php\/wp-json\/wp\/v2\/media?parent=13453"}],"wp:term":[{"taxonomy":"product_brand","embeddable":true,"href":"https:\/\/fp-brennholz.com\/index.php\/wp-json\/wp\/v2\/product_brand?post=13453"},{"taxonomy":"product_cat","embeddable":true,"href":"https:\/\/fp-brennholz.com\/index.php\/wp-json\/wp\/v2\/product_cat?post=13453"},{"taxonomy":"product_tag","embeddable":true,"href":"https:\/\/fp-brennholz.com\/index.php\/wp-json\/wp\/v2\/product_tag?post=13453"}],"curies":[{"name":"wp","href":"https:\/\/api.w.org\/{rel}","templated":true}]}}