{"id":13451,"date":"2024-08-22T13:56:24","date_gmt":"2024-08-22T11:56:24","guid":{"rendered":"https:\/\/fp-brennholz.com\/?post_type=product&#038;p=13451"},"modified":"2025-08-16T15:47:14","modified_gmt":"2025-08-16T13:47:14","slug":"palette-de-pellet-starforest-palette-de-70-sacs-de-15-kg","status":"publish","type":"product","link":"https:\/\/fp-brennholz.com\/index.php\/produit\/palette-de-pellet-starforest-palette-de-70-sacs-de-15-kg\/","title":{"rendered":"Pellet Starforest &#8211; Palette mit 70 S\u00e4cken \u00e0 15 kg"},"content":{"rendered":"<p>Pellets STARFOREST garantieren eine gute Verbrennung und eignen sich perfekt f\u00fcr Pellet\u00f6fen, -eins\u00e4tze und -kessel.<\/p>\n<p>Sie werden in Ostfrankreich, genauer gesagt in der Region Champagne-Ardenne, hergestellt.<\/p>\n<p>Zusammensetzung: 100 % harzhaltiges Holz<br \/>\nDIN Plus-zertifiziert<br \/>\nHeizwert: \u00dcber 5 kWh\/kg<br \/>\nFeuchtigkeitsgehalt: Unter 10 %<br \/>\nAschegehalt: Unter 0,7 %<br \/>\nStaubgehalt: Unter 0,5 %<br \/>\nDurchmesser: 6 mm<br \/>\nVerpackung: Palette<br \/>\nHerkunft: Frankreich<\/p>\n","protected":false},"excerpt":{"rendered":"<p>Pellets STARFOREST garantieren eine gute Verbrennung und eignen sich perfekt f\u00fcr Pellet\u00f6fen, -eins\u00e4tze und -kessel. Sie werden in Ostfrankreich, genauer<\/p>\n","protected":false},"featured_media":13498,"comment_status":"open","ping_status":"closed","template":"","meta":[],"product_brand":[],"product_cat":[516],"product_tag":[],"class_list":{"0":"post-13451","1":"product","2":"type-product","3":"status-publish","4":"has-post-thumbnail","6":"product_cat-holzpellets","8":"first","9":"instock","10":"shipping-taxable","11":"purchasable","12":"product-type-simple"},"_links":{"self":[{"href":"https:\/\/fp-brennholz.com\/index.php\/wp-json\/wp\/v2\/product\/13451","targetHints":{"allow":["GET"]}}],"collection":[{"href":"https:\/\/fp-brennholz.com\/index.php\/wp-json\/wp\/v2\/product"}],"about":[{"href":"https:\/\/fp-brennholz.com\/index.php\/wp-json\/wp\/v2\/types\/product"}],"replies":[{"embeddable":true,"href":"https:\/\/fp-brennholz.com\/index.php\/wp-json\/wp\/v2\/comments?post=13451"}],"version-history":[{"count":0,"href":"https:\/\/fp-brennholz.com\/index.php\/wp-json\/wp\/v2\/product\/13451\/revisions"}],"wp:featuredmedia":[{"embeddable":true,"href":"https:\/\/fp-brennholz.com\/index.php\/wp-json\/wp\/v2\/media\/13498"}],"wp:attachment":[{"href":"https:\/\/fp-brennholz.com\/index.php\/wp-json\/wp\/v2\/media?parent=13451"}],"wp:term":[{"taxonomy":"product_brand","embeddable":true,"href":"https:\/\/fp-brennholz.com\/index.php\/wp-json\/wp\/v2\/product_brand?post=13451"},{"taxonomy":"product_cat","embeddable":true,"href":"https:\/\/fp-brennholz.com\/index.php\/wp-json\/wp\/v2\/product_cat?post=13451"},{"taxonomy":"product_tag","embeddable":true,"href":"https:\/\/fp-brennholz.com\/index.php\/wp-json\/wp\/v2\/product_tag?post=13451"}],"curies":[{"name":"wp","href":"https:\/\/api.w.org\/{rel}","templated":true}]}}