{"id":13450,"date":"2024-08-22T13:56:24","date_gmt":"2024-08-22T11:56:24","guid":{"rendered":"https:\/\/fp-brennholz.com\/?post_type=product&#038;p=13450"},"modified":"2025-08-18T11:30:40","modified_gmt":"2025-08-18T09:30:40","slug":"granules-de-bois-totalenergies-palette-de-66-sac-de-15-kg","status":"publish","type":"product","link":"https:\/\/fp-brennholz.com\/index.php\/produit\/granules-de-bois-totalenergies-palette-de-66-sac-de-15-kg\/","title":{"rendered":"Holzpellets TotalEnergies, Palette mit 66 S\u00e4cken \u00e0 15 kg"},"content":{"rendered":"<p>TotalEnergies Premium Pellets sind wartungsarme Produkte, die nur wenig Lagerplatz ben\u00f6tigen (etwa so viel wie zwei Waschmaschinen nebeneinander). Nach Erhalt Ihrer Palette ist es jedoch wichtig, sie an einem trockenen, gesch\u00fctzten und bel\u00fcfteten Ort zu lagern, damit sie ihre W\u00e4rmeleistung nicht verlieren.<\/p>\n<p>TotalEnergies Premium Pellets werden aus hochwertigsten Holzarten hergestellt und bieten zahlreiche Vorteile. Insbesondere dank ihrer hohen W\u00e4rmeleistung maximieren TotalEnergies Premium Pellets die Effizienz Ihres Pelletofens oder -einsatzes und sorgen f\u00fcr Heizkomfort im ganzen Haus. Dank der DinPlus-Zertifizierung und des geringen Feuchtigkeitsgehalts geh\u00f6ren TotalEnergies Premium Pellets zu den besten Pellets auf dem Markt.<\/p>\n","protected":false},"excerpt":{"rendered":"<p>Heizwert (kWh\/kg) = 4,8<\/p>\n<p>Feuchtigkeitsgehalt (Masse-%) = \u2264 8,00 %<\/p>\n<p>Aschegehalt (Masse-%) = \u2264 0,6 %<\/p>\n<p>Zusatzstoffe (Masse-%) = \u2264 2 % (100 % nat\u00fcrlich)<\/p>\n<p>Rohdichte (kg\/m\u00b3) = 630 \u2264 MV \u2264 720<\/p>\n","protected":false},"featured_media":13496,"comment_status":"open","ping_status":"closed","template":"","meta":[],"product_brand":[],"product_cat":[516],"product_tag":[],"class_list":{"0":"post-13450","1":"product","2":"type-product","3":"status-publish","4":"has-post-thumbnail","6":"product_cat-holzpellets","8":"first","9":"instock","10":"shipping-taxable","11":"purchasable","12":"product-type-simple"},"_links":{"self":[{"href":"https:\/\/fp-brennholz.com\/index.php\/wp-json\/wp\/v2\/product\/13450","targetHints":{"allow":["GET"]}}],"collection":[{"href":"https:\/\/fp-brennholz.com\/index.php\/wp-json\/wp\/v2\/product"}],"about":[{"href":"https:\/\/fp-brennholz.com\/index.php\/wp-json\/wp\/v2\/types\/product"}],"replies":[{"embeddable":true,"href":"https:\/\/fp-brennholz.com\/index.php\/wp-json\/wp\/v2\/comments?post=13450"}],"version-history":[{"count":0,"href":"https:\/\/fp-brennholz.com\/index.php\/wp-json\/wp\/v2\/product\/13450\/revisions"}],"wp:featuredmedia":[{"embeddable":true,"href":"https:\/\/fp-brennholz.com\/index.php\/wp-json\/wp\/v2\/media\/13496"}],"wp:attachment":[{"href":"https:\/\/fp-brennholz.com\/index.php\/wp-json\/wp\/v2\/media?parent=13450"}],"wp:term":[{"taxonomy":"product_brand","embeddable":true,"href":"https:\/\/fp-brennholz.com\/index.php\/wp-json\/wp\/v2\/product_brand?post=13450"},{"taxonomy":"product_cat","embeddable":true,"href":"https:\/\/fp-brennholz.com\/index.php\/wp-json\/wp\/v2\/product_cat?post=13450"},{"taxonomy":"product_tag","embeddable":true,"href":"https:\/\/fp-brennholz.com\/index.php\/wp-json\/wp\/v2\/product_tag?post=13450"}],"curies":[{"name":"wp","href":"https:\/\/api.w.org\/{rel}","templated":true}]}}