{"id":13448,"date":"2024-08-22T13:56:24","date_gmt":"2024-08-22T11:56:24","guid":{"rendered":"https:\/\/fp-brennholz.com\/?post_type=product&#038;p=13448"},"modified":"2025-08-18T11:27:44","modified_gmt":"2025-08-18T09:27:44","slug":"granule-de-bois-premium-woodstock-palette-de-66-sacs-de-15-kg","status":"publish","type":"product","link":"https:\/\/fp-brennholz.com\/index.php\/produit\/granule-de-bois-premium-woodstock-palette-de-66-sacs-de-15-kg\/","title":{"rendered":"Woodstock Premium Holzpellets, Palette mit 66 S\u00e4cken \u00e0 15 kg"},"content":{"rendered":"<p>WOODSTOCK Holzpellets bestehen zu 100 % aus naturbelassenem S\u00e4gemehl und Hobelsp\u00e4nen. Sie werden nach dem DIN+-Qualit\u00e4tsstandard hergestellt und garantieren so ein hochwertiges Produkt mit maximaler W\u00e4rmeleistung bei minimaler Umweltbelastung.<\/p>\n<p>Der DIN+-Standard gew\u00e4hrleistet zudem die optimale Abstimmung des Produkts auf Ihren Kaminofen, Kamineinsatz oder Heizkessel und gew\u00e4hrleistet so den einwandfreien Betrieb Ihres Heiz- oder Kochger\u00e4ts.<\/p>\n<p>Unsere Holzpellets sind daher f\u00fcr jede Holzpelletheizung geeignet und stellen bei normaler Nutzung kein Risiko dar.<\/p>\n","protected":false},"excerpt":{"rendered":"<p>Palette mit 66 S\u00e4cken \u00e0 15 kg<br \/>\nPalettenma\u00dfe: L 100 x T 100 x H 162 cm<br \/>\n100 % nat\u00fcrlich, umweltfreundlich.<br \/>\nHergestellt aus unbehandeltem S\u00e4gemehl.<br \/>\n100 % Frischholz<br \/>\nFeuchtigkeitsgehalt: &lt; 8 %<br \/>\nHeizwert: &gt; 4,8 kWh\/kg &lt; 5,3 kWh\/kg<br \/>\nDIN+ \/ NF-Norm<\/p>\n","protected":false},"featured_media":13491,"comment_status":"open","ping_status":"closed","template":"","meta":[],"product_brand":[],"product_cat":[516],"product_tag":[],"class_list":{"0":"post-13448","1":"product","2":"type-product","3":"status-publish","4":"has-post-thumbnail","6":"product_cat-holzpellets","8":"first","9":"instock","10":"shipping-taxable","11":"purchasable","12":"product-type-simple"},"_links":{"self":[{"href":"https:\/\/fp-brennholz.com\/index.php\/wp-json\/wp\/v2\/product\/13448","targetHints":{"allow":["GET"]}}],"collection":[{"href":"https:\/\/fp-brennholz.com\/index.php\/wp-json\/wp\/v2\/product"}],"about":[{"href":"https:\/\/fp-brennholz.com\/index.php\/wp-json\/wp\/v2\/types\/product"}],"replies":[{"embeddable":true,"href":"https:\/\/fp-brennholz.com\/index.php\/wp-json\/wp\/v2\/comments?post=13448"}],"version-history":[{"count":0,"href":"https:\/\/fp-brennholz.com\/index.php\/wp-json\/wp\/v2\/product\/13448\/revisions"}],"wp:featuredmedia":[{"embeddable":true,"href":"https:\/\/fp-brennholz.com\/index.php\/wp-json\/wp\/v2\/media\/13491"}],"wp:attachment":[{"href":"https:\/\/fp-brennholz.com\/index.php\/wp-json\/wp\/v2\/media?parent=13448"}],"wp:term":[{"taxonomy":"product_brand","embeddable":true,"href":"https:\/\/fp-brennholz.com\/index.php\/wp-json\/wp\/v2\/product_brand?post=13448"},{"taxonomy":"product_cat","embeddable":true,"href":"https:\/\/fp-brennholz.com\/index.php\/wp-json\/wp\/v2\/product_cat?post=13448"},{"taxonomy":"product_tag","embeddable":true,"href":"https:\/\/fp-brennholz.com\/index.php\/wp-json\/wp\/v2\/product_tag?post=13448"}],"curies":[{"name":"wp","href":"https:\/\/api.w.org\/{rel}","templated":true}]}}