{"id":13447,"date":"2024-08-22T13:56:24","date_gmt":"2024-08-22T11:56:24","guid":{"rendered":"https:\/\/fp-brennholz.com\/?post_type=product&#038;p=13447"},"modified":"2025-08-18T11:36:07","modified_gmt":"2025-08-18T09:36:07","slug":"pellets-hp-piveteau-palette-de-72-sacs-de-15-kg","status":"publish","type":"product","link":"https:\/\/fp-brennholz.com\/index.php\/produit\/pellets-hp-piveteau-palette-de-72-sacs-de-15-kg\/","title":{"rendered":"Pellets HP+ Piveteau, Palette mit 72 S\u00e4cken \u00e0 15 kg"},"content":{"rendered":"<p>\u2013 Heizwert: mindestens 5 kWh\/kg<br \/>\n\u2013 Sch\u00fcttdichte: mindestens 650 kg\/m\u00b3<br \/>\n\u2013 Feuchtigkeitsgehalt: &lt; 8 % des Gesamtgewichts<br \/>\n\u2013 Aschegehalt: &lt; 0,3 % des Gesamtgewichts<br \/>\n\u2013 Feinkorngehalt: &lt; 0,5 % des Gesamtgewichts<br \/>\n\u2013 Durchmesser: 6 mm (\u00b1 0,5 mm)<br \/>\n\u2013 L\u00e4nge: 3,15 &lt; L &lt; 40 mm<br \/>\n\u2013 Ascheschmelzpunkt: &gt; 1450 \u00b0C<br \/>\n\u2013 Verwendetes Rohmaterial: 100 % franz\u00f6sische Nadelholzsp\u00e4ne und S\u00e4gemehl, maximal 2 % nat\u00fcrliche Zus\u00e4tze<br \/>\n\u2013 Beutel: Vollst\u00e4ndig recycelbares Polyethylen aus 30 % Recyclingmaterial<\/p>\n","protected":false},"excerpt":{"rendered":"<p>HP+ Pellets werden aus getrockneten Holzsp\u00e4nen und S\u00e4gemehl hergestellt, direkt am Produktionsstandort zerkleinert und verdichtet. Die Pellets sind von h\u00f6chster Qualit\u00e4t.<\/p>\n<p>Die Trocknung bei extrem niedrigen Temperaturen und ein doppeltes Siebsystem machen HP+ Pellets einzigartig.<\/p>\n","protected":false},"featured_media":13488,"comment_status":"open","ping_status":"closed","template":"","meta":[],"product_brand":[],"product_cat":[516],"product_tag":[],"class_list":{"0":"post-13447","1":"product","2":"type-product","3":"status-publish","4":"has-post-thumbnail","6":"product_cat-holzpellets","8":"first","9":"instock","10":"shipping-taxable","11":"purchasable","12":"product-type-simple"},"_links":{"self":[{"href":"https:\/\/fp-brennholz.com\/index.php\/wp-json\/wp\/v2\/product\/13447","targetHints":{"allow":["GET"]}}],"collection":[{"href":"https:\/\/fp-brennholz.com\/index.php\/wp-json\/wp\/v2\/product"}],"about":[{"href":"https:\/\/fp-brennholz.com\/index.php\/wp-json\/wp\/v2\/types\/product"}],"replies":[{"embeddable":true,"href":"https:\/\/fp-brennholz.com\/index.php\/wp-json\/wp\/v2\/comments?post=13447"}],"version-history":[{"count":0,"href":"https:\/\/fp-brennholz.com\/index.php\/wp-json\/wp\/v2\/product\/13447\/revisions"}],"wp:featuredmedia":[{"embeddable":true,"href":"https:\/\/fp-brennholz.com\/index.php\/wp-json\/wp\/v2\/media\/13488"}],"wp:attachment":[{"href":"https:\/\/fp-brennholz.com\/index.php\/wp-json\/wp\/v2\/media?parent=13447"}],"wp:term":[{"taxonomy":"product_brand","embeddable":true,"href":"https:\/\/fp-brennholz.com\/index.php\/wp-json\/wp\/v2\/product_brand?post=13447"},{"taxonomy":"product_cat","embeddable":true,"href":"https:\/\/fp-brennholz.com\/index.php\/wp-json\/wp\/v2\/product_cat?post=13447"},{"taxonomy":"product_tag","embeddable":true,"href":"https:\/\/fp-brennholz.com\/index.php\/wp-json\/wp\/v2\/product_tag?post=13447"}],"curies":[{"name":"wp","href":"https:\/\/api.w.org\/{rel}","templated":true}]}}