{"id":13446,"date":"2024-08-22T13:56:24","date_gmt":"2024-08-22T11:56:24","guid":{"rendered":"https:\/\/fp-brennholz.com\/?post_type=product&#038;p=13446"},"modified":"2025-08-18T11:25:41","modified_gmt":"2025-08-18T09:25:41","slug":"granules-de-bois-cogra-palette-de-70-sacs-de-15kg","status":"publish","type":"product","link":"https:\/\/fp-brennholz.com\/index.php\/produit\/granules-de-bois-cogra-palette-de-70-sacs-de-15kg\/","title":{"rendered":"COGRA Holzpellets, Palette mit 70 S\u00e4cken \u00e0 15 kg"},"content":{"rendered":"<p>Palette mit 70 S\u00e4cken \u00e0 15 kg Holzpellets<\/p>\n<p>Technische Daten<\/p>\n<p>Heizwert: 4,6 kWh\/kg &lt; Q &lt; 5,3 kWh\/kg<\/p>\n<p>Sch\u00fcttdichte: mindestens 600 kg\/m\u00b3<\/p>\n<p>Feuchtigkeit: 5,3 % des Gesamtgewichts<\/p>\n<p>Ascheanteil: &lt; 0,7 % des Gesamtgewichts<\/p>\n<p>Dichte: 0,6 g\/cm\u00b3<\/p>\n<p>Durchmesser: 6 mm (\u00b1 1 mm)<\/p>\n<p>L\u00e4nge: maximal 40 mm<\/p>\n<p>Rohmaterial: 100 % Nadelholz<\/p>\n<p>Lagerung: \u00dcberdacht<\/p>\n","protected":false},"excerpt":{"rendered":"<p>Cogra Holzpellets stammen aus Frankreich und erf\u00fcllen die Kriterien der DIN Plus-Norm sowie der EN Plus A1-Norm. Sie sind 100 % nat\u00fcrlich, 100 % harzhaltig und frei von Klebstoffen oder Zusatzstoffen. Diese Pellets sorgen mit ihrem hohen Heizwert f\u00fcr eine gute Verbrennung und geben Ihnen gleichzeitig die Sicherheit, dass Sie Ihren Ofen dank des sehr geringen Asche- und Staubgehalts seltener reinigen m\u00fcssen.<\/p>\n","protected":false},"featured_media":13485,"comment_status":"open","ping_status":"closed","template":"","meta":[],"product_brand":[],"product_cat":[516],"product_tag":[],"class_list":{"0":"post-13446","1":"product","2":"type-product","3":"status-publish","4":"has-post-thumbnail","6":"product_cat-holzpellets","8":"first","9":"instock","10":"shipping-taxable","11":"purchasable","12":"product-type-simple"},"_links":{"self":[{"href":"https:\/\/fp-brennholz.com\/index.php\/wp-json\/wp\/v2\/product\/13446","targetHints":{"allow":["GET"]}}],"collection":[{"href":"https:\/\/fp-brennholz.com\/index.php\/wp-json\/wp\/v2\/product"}],"about":[{"href":"https:\/\/fp-brennholz.com\/index.php\/wp-json\/wp\/v2\/types\/product"}],"replies":[{"embeddable":true,"href":"https:\/\/fp-brennholz.com\/index.php\/wp-json\/wp\/v2\/comments?post=13446"}],"version-history":[{"count":0,"href":"https:\/\/fp-brennholz.com\/index.php\/wp-json\/wp\/v2\/product\/13446\/revisions"}],"wp:featuredmedia":[{"embeddable":true,"href":"https:\/\/fp-brennholz.com\/index.php\/wp-json\/wp\/v2\/media\/13485"}],"wp:attachment":[{"href":"https:\/\/fp-brennholz.com\/index.php\/wp-json\/wp\/v2\/media?parent=13446"}],"wp:term":[{"taxonomy":"product_brand","embeddable":true,"href":"https:\/\/fp-brennholz.com\/index.php\/wp-json\/wp\/v2\/product_brand?post=13446"},{"taxonomy":"product_cat","embeddable":true,"href":"https:\/\/fp-brennholz.com\/index.php\/wp-json\/wp\/v2\/product_cat?post=13446"},{"taxonomy":"product_tag","embeddable":true,"href":"https:\/\/fp-brennholz.com\/index.php\/wp-json\/wp\/v2\/product_tag?post=13446"}],"curies":[{"name":"wp","href":"https:\/\/api.w.org\/{rel}","templated":true}]}}