{"id":12042,"date":"2024-08-21T20:33:58","date_gmt":"2024-08-21T18:33:58","guid":{"rendered":"https:\/\/fp-brennholz.com\/?post_type=product&#038;p=12042"},"modified":"2025-12-08T12:14:52","modified_gmt":"2025-12-08T11:14:52","slug":"holzofen-deville-toron-50-8-kw","status":"publish","type":"product","link":"https:\/\/fp-brennholz.com\/index.php\/produit\/holzofen-deville-toron-50-8-kw\/","title":{"rendered":"Holzofen DEVILLE &#8211; TORON 50 8 kW"},"content":{"rendered":"<p>Leistung: 8 kW<br \/>\nLeistungsbereich: 5 bis 12 kW<br \/>\nHolzscheitgr\u00f6\u00dfe: 54 cm<br \/>\nHeizfl\u00e4che: 100 m\u00b3<br \/>\nWirkungsgrad: 77 %<br \/>\n7-Sterne-Green-Flame-Zertifizierung<br \/>\nAbmessungen (B x H x T): 694 x 785 x 484 mm<br \/>\nGewicht: 150 kg<\/p>\n","protected":false},"excerpt":{"rendered":"<p>Leistung: 8 kW Leistungsbereich: 5 bis 12 kW Holzscheitgr\u00f6\u00dfe: 54 cm Heizfl\u00e4che: 100 m\u00b3 Wirkungsgrad: 77 % 7-Sterne-Green-Flame-Zertifizierung Abmessungen (B<\/p>\n","protected":false},"featured_media":12633,"comment_status":"open","ping_status":"closed","template":"","meta":[],"product_brand":[],"product_cat":[499,500],"product_tag":[],"class_list":{"0":"post-12042","1":"product","2":"type-product","3":"status-publish","4":"has-post-thumbnail","6":"product_cat-heizung","7":"product_cat-holzofen","9":"first","10":"instock","11":"sale","12":"shipping-taxable","13":"purchasable","14":"product-type-simple"},"_links":{"self":[{"href":"https:\/\/fp-brennholz.com\/index.php\/wp-json\/wp\/v2\/product\/12042","targetHints":{"allow":["GET"]}}],"collection":[{"href":"https:\/\/fp-brennholz.com\/index.php\/wp-json\/wp\/v2\/product"}],"about":[{"href":"https:\/\/fp-brennholz.com\/index.php\/wp-json\/wp\/v2\/types\/product"}],"replies":[{"embeddable":true,"href":"https:\/\/fp-brennholz.com\/index.php\/wp-json\/wp\/v2\/comments?post=12042"}],"version-history":[{"count":0,"href":"https:\/\/fp-brennholz.com\/index.php\/wp-json\/wp\/v2\/product\/12042\/revisions"}],"wp:featuredmedia":[{"embeddable":true,"href":"https:\/\/fp-brennholz.com\/index.php\/wp-json\/wp\/v2\/media\/12633"}],"wp:attachment":[{"href":"https:\/\/fp-brennholz.com\/index.php\/wp-json\/wp\/v2\/media?parent=12042"}],"wp:term":[{"taxonomy":"product_brand","embeddable":true,"href":"https:\/\/fp-brennholz.com\/index.php\/wp-json\/wp\/v2\/product_brand?post=12042"},{"taxonomy":"product_cat","embeddable":true,"href":"https:\/\/fp-brennholz.com\/index.php\/wp-json\/wp\/v2\/product_cat?post=12042"},{"taxonomy":"product_tag","embeddable":true,"href":"https:\/\/fp-brennholz.com\/index.php\/wp-json\/wp\/v2\/product_tag?post=12042"}],"curies":[{"name":"wp","href":"https:\/\/api.w.org\/{rel}","templated":true}]}}