{"id":12041,"date":"2024-08-21T20:33:58","date_gmt":"2024-08-21T18:33:58","guid":{"rendered":"https:\/\/fp-brennholz.com\/?post_type=product&#038;p=12041"},"modified":"2025-08-18T11:44:45","modified_gmt":"2025-08-18T09:44:45","slug":"holzofen-deville-eguzki-etanche-6-kw","status":"publish","type":"product","link":"https:\/\/fp-brennholz.com\/index.php\/produit\/holzofen-deville-eguzki-etanche-6-kw\/","title":{"rendered":"Holzofen DEVILLE &#8211; EGUZKI \u00e9tanche 6 kW"},"content":{"rendered":"<ul>\n<li><span class=\"titre-data\">Puissance :<\/span>\u00a06 kW<\/li>\n<li>Plage de puissance : 4 \u00e0 9 kW<\/li>\n<li>Appareil \u00e9tanche compatible RT2012<\/li>\n<li>Taille des b\u00fbches :\u00a040 cm<\/li>\n<li>Surface de chauffe : 80 \u00e0 180\u00a0m\u00b3<\/li>\n<li>Rendement : 75 %<\/li>\n<li>Flamme verte 7 \u00e9toiles<\/li>\n<\/ul>\n","protected":false},"excerpt":{"rendered":"<p>Puissance :\u00a06 kW Plage de puissance : 4 \u00e0 9 kW Appareil \u00e9tanche compatible RT2012 Taille des b\u00fbches :\u00a040 cm<\/p>\n","protected":false},"featured_media":12630,"comment_status":"open","ping_status":"closed","template":"","meta":[],"product_brand":[],"product_cat":[499,500],"product_tag":[],"class_list":{"0":"post-12041","1":"product","2":"type-product","3":"status-publish","4":"has-post-thumbnail","6":"product_cat-heizung","7":"product_cat-holzofen","9":"first","10":"instock","11":"sale","12":"shipping-taxable","13":"purchasable","14":"product-type-simple"},"_links":{"self":[{"href":"https:\/\/fp-brennholz.com\/index.php\/wp-json\/wp\/v2\/product\/12041","targetHints":{"allow":["GET"]}}],"collection":[{"href":"https:\/\/fp-brennholz.com\/index.php\/wp-json\/wp\/v2\/product"}],"about":[{"href":"https:\/\/fp-brennholz.com\/index.php\/wp-json\/wp\/v2\/types\/product"}],"replies":[{"embeddable":true,"href":"https:\/\/fp-brennholz.com\/index.php\/wp-json\/wp\/v2\/comments?post=12041"}],"version-history":[{"count":0,"href":"https:\/\/fp-brennholz.com\/index.php\/wp-json\/wp\/v2\/product\/12041\/revisions"}],"wp:featuredmedia":[{"embeddable":true,"href":"https:\/\/fp-brennholz.com\/index.php\/wp-json\/wp\/v2\/media\/12630"}],"wp:attachment":[{"href":"https:\/\/fp-brennholz.com\/index.php\/wp-json\/wp\/v2\/media?parent=12041"}],"wp:term":[{"taxonomy":"product_brand","embeddable":true,"href":"https:\/\/fp-brennholz.com\/index.php\/wp-json\/wp\/v2\/product_brand?post=12041"},{"taxonomy":"product_cat","embeddable":true,"href":"https:\/\/fp-brennholz.com\/index.php\/wp-json\/wp\/v2\/product_cat?post=12041"},{"taxonomy":"product_tag","embeddable":true,"href":"https:\/\/fp-brennholz.com\/index.php\/wp-json\/wp\/v2\/product_tag?post=12041"}],"curies":[{"name":"wp","href":"https:\/\/api.w.org\/{rel}","templated":true}]}}