{"id":11983,"date":"2024-08-21T20:33:07","date_gmt":"2024-08-21T18:33:07","guid":{"rendered":"https:\/\/fp-brennholz.com\/?post_type=product&#038;p=11983"},"modified":"2025-12-08T12:04:20","modified_gmt":"2025-12-08T11:04:20","slug":"holzofen-interstoves-lya-12kw","status":"publish","type":"product","link":"https:\/\/fp-brennholz.com\/index.php\/produit\/holzofen-interstoves-lya-12kw\/","title":{"rendered":"Holzofen INTERSTOVES &#8211; LYA 12kW"},"content":{"rendered":"<p><strong data-start=\"155\" data-end=\"167\">Holzofen<\/strong><br data-start=\"167\" data-end=\"170\" \/><strong data-start=\"170\" data-end=\"189\">Gesamtleistung:<\/strong> 12,6 kW<br data-start=\"197\" data-end=\"200\" \/><strong data-start=\"200\" data-end=\"217\">Wirkungsgrad:<\/strong> 79 %<br data-start=\"222\" data-end=\"225\" \/><strong data-start=\"225\" data-end=\"245\">Scheitholzl\u00e4nge:<\/strong> 45 cm<br data-start=\"251\" data-end=\"254\" \/><strong data-start=\"254\" data-end=\"282\">Abmessungen (B \u00d7 H \u00d7 T):<\/strong> 580 \u00d7 530 \u00d7 480 mm<br data-start=\"301\" data-end=\"304\" \/><strong data-start=\"304\" data-end=\"316\">Gewicht:<\/strong> 60 kg<br data-start=\"322\" data-end=\"325\" \/><strong data-start=\"325\" data-end=\"377\">10 Jahre Garantie auf den Brennraum \/ Heizk\u00f6rper<\/strong><\/p>\n","protected":false},"excerpt":{"rendered":"<p>HolzofenGesamtleistung: 12,6 kWWirkungsgrad: 79 %Scheitholzl\u00e4nge: 45 cmAbmessungen (B \u00d7 H \u00d7 T): 580 \u00d7 530 \u00d7 480 mmGewicht: 60 kg10<\/p>\n","protected":false},"featured_media":12596,"comment_status":"open","ping_status":"closed","template":"","meta":[],"product_brand":[],"product_cat":[499,500],"product_tag":[],"class_list":{"0":"post-11983","1":"product","2":"type-product","3":"status-publish","4":"has-post-thumbnail","6":"product_cat-heizung","7":"product_cat-holzofen","9":"first","10":"instock","11":"sale","12":"shipping-taxable","13":"purchasable","14":"product-type-simple"},"_links":{"self":[{"href":"https:\/\/fp-brennholz.com\/index.php\/wp-json\/wp\/v2\/product\/11983","targetHints":{"allow":["GET"]}}],"collection":[{"href":"https:\/\/fp-brennholz.com\/index.php\/wp-json\/wp\/v2\/product"}],"about":[{"href":"https:\/\/fp-brennholz.com\/index.php\/wp-json\/wp\/v2\/types\/product"}],"replies":[{"embeddable":true,"href":"https:\/\/fp-brennholz.com\/index.php\/wp-json\/wp\/v2\/comments?post=11983"}],"version-history":[{"count":0,"href":"https:\/\/fp-brennholz.com\/index.php\/wp-json\/wp\/v2\/product\/11983\/revisions"}],"wp:featuredmedia":[{"embeddable":true,"href":"https:\/\/fp-brennholz.com\/index.php\/wp-json\/wp\/v2\/media\/12596"}],"wp:attachment":[{"href":"https:\/\/fp-brennholz.com\/index.php\/wp-json\/wp\/v2\/media?parent=11983"}],"wp:term":[{"taxonomy":"product_brand","embeddable":true,"href":"https:\/\/fp-brennholz.com\/index.php\/wp-json\/wp\/v2\/product_brand?post=11983"},{"taxonomy":"product_cat","embeddable":true,"href":"https:\/\/fp-brennholz.com\/index.php\/wp-json\/wp\/v2\/product_cat?post=11983"},{"taxonomy":"product_tag","embeddable":true,"href":"https:\/\/fp-brennholz.com\/index.php\/wp-json\/wp\/v2\/product_tag?post=11983"}],"curies":[{"name":"wp","href":"https:\/\/api.w.org\/{rel}","templated":true}]}}